{"id":4100,"date":"2021-09-02T15:17:03","date_gmt":"2021-09-02T13:17:03","guid":{"rendered":"http:\/\/www.wwurm.com\/?page_id=4100"},"modified":"2021-12-30T17:26:46","modified_gmt":"2021-12-30T16:26:46","slug":"blog","status":"publish","type":"page","link":"http:\/\/www.wwurm.com\/?page_id=4100","title":{"rendered":"News"},"content":{"rendered":"\t\t<div data-elementor-type=\"wp-page\" data-elementor-id=\"4100\" class=\"elementor elementor-4100\">\n\t\t\t\t\t\t\t\t\t<section class=\"elementor-section elementor-top-section elementor-element elementor-element-a048a4d elementor-section-boxed elementor-section-gap-default elementor-section-height-default elementor-section-height-default\" data-id=\"a048a4d\" data-element_type=\"section\">\n\t\t\t\t\t\t<div class=\"elementor-container elementor-column-gap-default\">\n\t\t\t\t\t<div class=\"elementor-column elementor-col-100 elementor-top-column elementor-element elementor-element-4dc0be9\" data-id=\"4dc0be9\" data-element_type=\"column\">\n\t\t\t<div class=\"elementor-column-wrap--4dc0be9 elementor-widget-wrap elementor-element-populated\">\n\t\t\t\t\t\t\t\t<div class=\"elementor-element elementor-element-36e2f7a elementor-align-center reyEl-bpost-thumb--custom reyEl-bPostGrid--2 reyEl-bPostGrid-tablet--2 reyEl-bPostGrid-mobile--1 elementor-widget elementor-widget-reycore-basic-post-grid\" data-id=\"36e2f7a\" data-element_type=\"widget\" data-widget_type=\"reycore-basic-post-grid.default\">\n\t\t\t\t<div class=\"elementor-widget-container\">\n\t\t\t\t\t<div class=\"rey-element reyEl-bPostGrid reyEl-bPostGrid--default --masonry\">\n\t\t\n\t\t\t<div class=\"reyEl-bPostGrid-item \">\n\t\t\t\t\t\t\t<div class=\"rey-postInfo\">\n\t\t\t<span class=\"rey-entryDate\"><a href=\"http:\/\/www.wwurm.com\/?p=4734\" rel=\"bookmark\"><time datetime=\"2022-01-21T11:40:47+01:00\">21. Januar 2022<\/time><\/a><\/span>\t\t\t<\/div>\n\t\t<h3 class=\"reyEl-bpost-title\"><a href=\"http:\/\/www.wwurm.com\/?p=4734\" rel=\"bookmark\">Gin<\/a><\/h3>\n\t\t<div class=\"reyEl-bpost-content\">\n\t\t\t\t\t<\/div>\n\n\t\t\t\t\t<\/div>\n\t\t\n\t\t\t<div class=\"reyEl-bPostGrid-item \">\n\t\t\t\t\t\t\t<div class=\"rey-postInfo\">\n\t\t\t<span class=\"rey-entryDate\"><a href=\"http:\/\/www.wwurm.com\/?p=4558\" rel=\"bookmark\"><time datetime=\"2022-01-18T14:20:02+01:00\">18. Januar 2022<\/time><\/a><\/span>\t\t\t<\/div>\n\t\t<h3 class=\"reyEl-bpost-title\"><a href=\"http:\/\/www.wwurm.com\/?p=4558\" rel=\"bookmark\">Pesto<\/a><\/h3>\n\t\t<div class=\"reyEl-bpost-content\">\n\t\t\t\t\t<\/div>\n\n\t\t\t\t\t<\/div>\n\t\t\n\t\t\t<div class=\"reyEl-bPostGrid-item \">\n\t\t\t\t\t\t<div class=\"reyEl-bpost-thumb\">\n\t\t\t<a class=\"reyEl-bpost-thumbLink \" href=\"http:\/\/www.wwurm.com\/?p=1796\" aria-hidden=\"true\" tabindex=\"-1\">\n\t\t\t\t<img width=\"768\" height=\"512\" src=\"http:\/\/www.wwurm.com\/wp-content\/uploads\/2021\/05\/wwurm_ostern_2019-hell-1024x683-1-768x512.jpg\" class=\"attachment-medium_large size-medium_large wp-post-image\" alt=\"\" loading=\"lazy\" srcset=\"http:\/\/www.wwurm.com\/wp-content\/uploads\/2021\/05\/wwurm_ostern_2019-hell-1024x683-1-768x512.jpg 768w, http:\/\/www.wwurm.com\/wp-content\/uploads\/2021\/05\/wwurm_ostern_2019-hell-1024x683-1-300x200.jpg 300w, http:\/\/www.wwurm.com\/wp-content\/uploads\/2021\/05\/wwurm_ostern_2019-hell-1024x683-1-1000x667.jpg 1000w, http:\/\/www.wwurm.com\/wp-content\/uploads\/2021\/05\/wwurm_ostern_2019-hell-1024x683-1.jpg 1024w\" sizes=\"(max-width: 768px) 100vw, 768px\" \/>\t\t\t<\/a>\n\t\t<\/div>\n\t\t\t\t\t<div class=\"rey-postInfo\">\n\t\t\t<span class=\"rey-entryDate\"><a href=\"http:\/\/www.wwurm.com\/?p=1796\" rel=\"bookmark\"><time datetime=\"2021-05-29T13:33:42+02:00\">29. Mai 2021<\/time><\/a><\/span>\t\t\t<\/div>\n\t\t<h3 class=\"reyEl-bpost-title\"><a href=\"http:\/\/www.wwurm.com\/?p=1796\" rel=\"bookmark\">Ostern am Gustergut<\/a><\/h3>\n\t\t<div class=\"reyEl-bpost-content\">\n\t\t\tWenn Ostern vor der T\u00fcr steht, dann lassen sich unsere wundersch\u00f6nen traditionellen, selbst gef\u00e4rbten Eier nicht lange bitten. Mit dem Fr\u00fchling kommt schlie\u00dflich auch das Ende der Fastenzeit und so ist an den Osterfeiertagen reichlich Genuss angesagt. Da passt auch eine andere Spezialit\u00e4t perfekt: unsere Osterpinze. Egal ob pur, mit etwas Butter oder Marmelade zum \t\t<\/div>\n\n\t\t\t\t\t<\/div>\n\t\t\n\t\t\t<div class=\"reyEl-bPostGrid-item \">\n\t\t\t\t\t\t<div class=\"reyEl-bpost-thumb\">\n\t\t\t<a class=\"reyEl-bpost-thumbLink \" href=\"http:\/\/www.wwurm.com\/?p=1795\" aria-hidden=\"true\" tabindex=\"-1\">\n\t\t\t\t<img width=\"768\" height=\"512\" src=\"http:\/\/www.wwurm.com\/wp-content\/uploads\/2021\/05\/wwurm-pesto-intro-768x512.jpg\" class=\"attachment-medium_large size-medium_large wp-post-image\" alt=\"\" loading=\"lazy\" srcset=\"http:\/\/www.wwurm.com\/wp-content\/uploads\/2021\/05\/wwurm-pesto-intro-768x512.jpg 768w, http:\/\/www.wwurm.com\/wp-content\/uploads\/2021\/05\/wwurm-pesto-intro-300x200.jpg 300w, http:\/\/www.wwurm.com\/wp-content\/uploads\/2021\/05\/wwurm-pesto-intro-1024x683.jpg 1024w, http:\/\/www.wwurm.com\/wp-content\/uploads\/2021\/05\/wwurm-pesto-intro-1536x1024.jpg 1536w, http:\/\/www.wwurm.com\/wp-content\/uploads\/2021\/05\/wwurm-pesto-intro-2048x1365.jpg 2048w, http:\/\/www.wwurm.com\/wp-content\/uploads\/2021\/05\/wwurm-pesto-intro-1000x667.jpg 1000w\" sizes=\"(max-width: 768px) 100vw, 768px\" \/>\t\t\t<\/a>\n\t\t<\/div>\n\t\t\t\t\t<div class=\"rey-postInfo\">\n\t\t\t<span class=\"rey-entryDate\"><a href=\"http:\/\/www.wwurm.com\/?p=1795\" rel=\"bookmark\"><time datetime=\"2021-05-29T13:33:27+02:00\">29. Mai 2021<\/time><\/a><\/span>\t\t\t<\/div>\n\t\t<h3 class=\"reyEl-bpost-title\"><a href=\"http:\/\/www.wwurm.com\/?p=1795\" rel=\"bookmark\">B\u00e4rlauch\u2009\u2013\u2009der erste Fr\u00fchlingsbote mit seinem charakteristischen, kr\u00e4ftigen Knoblauchgeruch<\/a><\/h3>\n\t\t<div class=\"reyEl-bpost-content\">\n\t\t\tWurm Pesto mitB\u00e4rlauch und Walnuss B\u00e4rlauch\u2009\u2013\u2009der erste Fr\u00fchlingsbote mit seinem charakteristischen, kr\u00e4ftigen Knoblauchgeruch Dem B\u00e4rlauch werden ja viele gute Eigenschaften zugeschrieben: Er ist reich an Vitamin&nbsp;C, sorgt f\u00fcr einen niedrigen Cholesterinspiegel und einen niedrigen Blutdruck, beugt \u00e4hnlich wie der Knoblauch Gef\u00e4\u00dfablagerungen (Arteriosklerose) vor und vertreibt sogar M\u00fcdigkeit und Schwindel. Eine Vielfalt an positiven Eigenschaften, die \t\t<\/div>\n\n\t\t\t\t\t<\/div>\n\t\t\n\t\t\t<div class=\"reyEl-bPostGrid-item \">\n\t\t\t\t\t\t<div class=\"reyEl-bpost-thumb\">\n\t\t\t<a class=\"reyEl-bpost-thumbLink \" href=\"http:\/\/www.wwurm.com\/?p=1789\" aria-hidden=\"true\" tabindex=\"-1\">\n\t\t\t\t<img width=\"768\" height=\"440\" src=\"http:\/\/www.wwurm.com\/wp-content\/uploads\/2021\/05\/wwurm-ciao-bella-1024x587-1-768x440.jpg\" class=\"attachment-medium_large size-medium_large wp-post-image\" alt=\"\" loading=\"lazy\" srcset=\"http:\/\/www.wwurm.com\/wp-content\/uploads\/2021\/05\/wwurm-ciao-bella-1024x587-1-768x440.jpg 768w, http:\/\/www.wwurm.com\/wp-content\/uploads\/2021\/05\/wwurm-ciao-bella-1024x587-1-300x172.jpg 300w, http:\/\/www.wwurm.com\/wp-content\/uploads\/2021\/05\/wwurm-ciao-bella-1024x587-1-1000x573.jpg 1000w, http:\/\/www.wwurm.com\/wp-content\/uploads\/2021\/05\/wwurm-ciao-bella-1024x587-1.jpg 1024w\" sizes=\"(max-width: 768px) 100vw, 768px\" \/>\t\t\t<\/a>\n\t\t<\/div>\n\t\t\t\t\t<div class=\"rey-postInfo\">\n\t\t\t<span class=\"rey-entryDate\"><a href=\"http:\/\/www.wwurm.com\/?p=1789\" rel=\"bookmark\"><time datetime=\"2021-05-29T13:32:55+02:00\">29. Mai 2021<\/time><\/a><\/span>\t\t\t<\/div>\n\t\t<h3 class=\"reyEl-bpost-title\"><a href=\"http:\/\/www.wwurm.com\/?p=1789\" rel=\"bookmark\">Herzlich willkommen!<\/a><\/h3>\n\t\t<div class=\"reyEl-bpost-content\">\n\t\t\tDer Fr\u00fchling, auch \u201eLenz\u201c genannt, ist die sch\u00f6nste Jahreszeit, die Saison der Kuckuckskonzerte und des Lerchengesangs, der gr\u00fcnen Welt- und Wiesenkost\u00fcme und der g\u00f6ttlichen Bl\u00fctenfabrikation. Joseph Roth stimmen wir nur allzu gerne zu \u2013 und p\u00fcnktlich zur Auferstehung der Natur gibt es seit Fr\u00fchlingsbeginn unsere Erzeugnisse vom Gustergut auch hier im neuen Wurm Online Shop. \t\t<\/div>\n\n\t\t\t\t\t<\/div>\n\t\t<\/div>\t\t<\/div>\n\t\t\t\t<\/div>\n\t\t\t\t\t<\/div>\n\t\t<\/div>\n\t\t\t\t\t\t\t<\/div>\n\t\t<\/section>\n\t\t\t\t<section class=\"elementor-section elementor-top-section elementor-element elementor-element-16c68f55 rey-section-bg--classic rey-section-stretched elementor-section-boxed elementor-section-gap-default elementor-section-height-default elementor-section-height-default\" data-id=\"16c68f55\" data-element_type=\"section\" data-settings=\"{&quot;background_background&quot;:&quot;classic&quot;}\">\n\t\t\t\t\t\t<div class=\"elementor-container elementor-column-gap-default\">\n\t\t\t\t\t<div class=\"elementor-column elementor-col-50 elementor-top-column elementor-element elementor-element-4051ea7c\" data-id=\"4051ea7c\" data-element_type=\"column\">\n\t\t\t<div class=\"elementor-column-wrap--4051ea7c elementor-widget-wrap elementor-element-populated\">\n\t\t\t\t\t\t\t\t<div class=\"elementor-element elementor-element-67b7940d elementor-widget elementor-widget-heading\" data-id=\"67b7940d\" data-element_type=\"widget\" data-widget_type=\"heading.default\">\n\t\t\t\t<div class=\"elementor-widget-container\">\n\t\t\t<h2 class=\"elementor-heading-title elementor-size-default\">F\u00fcr Newsletter anmelden<\/h2>\t\t<\/div>\n\t\t\t\t<\/div>\n\t\t\t\t\t<\/div>\n\t\t<\/div>\n\t\t\t\t<div class=\"elementor-column elementor-col-50 elementor-top-column elementor-element elementor-element-6839190a\" data-id=\"6839190a\" data-element_type=\"column\">\n\t\t\t<div class=\"elementor-column-wrap--6839190a elementor-widget-wrap elementor-element-populated\">\n\t\t\t\t\t\t\t\t<div class=\"elementor-element elementor-element-4fe14bcb elementor-button-align-start elementor-widget elementor-widget-form\" data-id=\"4fe14bcb\" data-element_type=\"widget\" data-settings=\"{&quot;step_next_label&quot;:&quot;N\\u00e4chster&quot;,&quot;step_previous_label&quot;:&quot;Voriger&quot;,&quot;button_width&quot;:&quot;100&quot;,&quot;step_type&quot;:&quot;number_text&quot;,&quot;step_icon_shape&quot;:&quot;circle&quot;}\" data-widget_type=\"form.default\">\n\t\t\t\t<div class=\"elementor-widget-container\">\n\t\t\t\t\t<form class=\"elementor-form\" method=\"post\" name=\"Neues Formular\">\n\t\t\t<input type=\"hidden\" name=\"post_id\" value=\"4100\"\/>\n\t\t\t<input type=\"hidden\" name=\"form_id\" value=\"4fe14bcb\"\/>\n\t\t\t<input type=\"hidden\" name=\"referer_title\" value=\"\" \/>\n\n\t\t\t\n\t\t\t<div class=\"elementor-form-fields-wrapper elementor-labels-above\">\n\t\t\t\t\t\t\t\t<div class=\"elementor-field-type-email elementor-field-group elementor-column elementor-field-group-email elementor-col-100 elementor-field-required\">\n\t\t\t\t\t\t\t\t\t\t\t\t\t<input size=\"1\" type=\"email\" name=\"form_fields[email]\" id=\"form-field-email\" class=\"elementor-field elementor-size-sm  elementor-field-textual\" placeholder=\"Ihre E-Mail\" required=\"required\" aria-required=\"true\">\n\t\t\t\t\t\t\t\t\t\t\t<\/div>\n\t\t\t\t\t\t\t\t<div class=\"elementor-field-type-acceptance elementor-field-group elementor-column elementor-field-group-field_a3ba652 elementor-col-100 elementor-field-required\">\n\t\t\t\t\t\t\t<div class=\"elementor-field-subgroup\">\n\t\t\t<span class=\"elementor-field-option\">\n\t\t\t\t<input type=\"checkbox\" name=\"form_fields[field_a3ba652]\" id=\"form-field-field_a3ba652\" class=\"elementor-field elementor-size-sm  elementor-acceptance-field\" required=\"required\" aria-required=\"true\">\n\t\t\t\t<label for=\"form-field-field_a3ba652\">Durch das setzen des H\u00e4ckchens willigen Sie ein, dass Ihre personenbezogenen Daten (Name und E-Mail-Adresse) verwendet werden, um Sie \u00fcber Produkte, Services und Veranstaltungen zu informieren. Diese Einwilligung kann jederzeit per Email widerrufen werden. N\u00e4here Informationen finden Sie in unserer Datenschutzerkl\u00e4rung.<\/label>\t\t\t<\/span>\n\t\t<\/div>\n\t\t\t\t\t\t<\/div>\n\t\t\t\t\t\t\t\t<div class=\"elementor-field-group elementor-column elementor-field-type-submit elementor-col-100 e-form__buttons\">\n\t\t\t\t\t<button type=\"submit\" class=\"elementor-button elementor-size-sm\">\n\t\t\t\t\t\t<span >\n\t\t\t\t\t\t\t\t\t\t\t\t\t\t\t<span class=\" elementor-button-icon\">\n\t\t\t\t\t\t\t\t\t\t\t\t\t\t\t\t\t\t\t\t\t\t\t\t\t\t<\/span>\n\t\t\t\t\t\t\t\t\t\t\t\t\t\t\t\t\t\t\t\t\t\t<span class=\"elementor-button-text\">F\u00fcr Newsletter anmelden<\/span>\n\t\t\t\t\t\t\t\t\t\t\t\t\t<\/span>\n\t\t\t\t\t<\/button>\n\t\t\t\t<\/div>\n\t\t\t<\/div>\n\t\t<\/form>\n\t\t\t\t<\/div>\n\t\t\t\t<\/div>\n\t\t\t\t\t<\/div>\n\t\t<\/div>\n\t\t\t\t\t\t\t<\/div>\n\t\t<\/section>\n\t\t\t\t\t\t\t<\/div>\n\t\t","protected":false},"excerpt":{"rendered":"<p>29. Mai 2021Edit Ostern am Gustergut Ostern am Gustergut Wenn Ostern vor der T\u00fcr steht, dann lassen sich unsere wundersch\u00f6nen traditionellen, selbst gef\u00e4rbten Eier nicht lange bitten. Mit dem Fr\u00fchling kommt schlie\u00dflich auch das Ende der Fastenzeit und so ist an den Osterfeiertagen reichlich Genuss angesagt. Da passt auch eine andere Spezialit\u00e4t perfekt: unsere Osterpinze. [&hellip;]<\/p>\n","protected":false},"author":1,"featured_media":0,"parent":0,"menu_order":0,"comment_status":"closed","ping_status":"closed","template":"","meta":[],"acf":[],"_links":{"self":[{"href":"http:\/\/www.wwurm.com\/index.php?rest_route=\/wp\/v2\/pages\/4100"}],"collection":[{"href":"http:\/\/www.wwurm.com\/index.php?rest_route=\/wp\/v2\/pages"}],"about":[{"href":"http:\/\/www.wwurm.com\/index.php?rest_route=\/wp\/v2\/types\/page"}],"author":[{"embeddable":true,"href":"http:\/\/www.wwurm.com\/index.php?rest_route=\/wp\/v2\/users\/1"}],"replies":[{"embeddable":true,"href":"http:\/\/www.wwurm.com\/index.php?rest_route=%2Fwp%2Fv2%2Fcomments&post=4100"}],"version-history":[{"count":24,"href":"http:\/\/www.wwurm.com\/index.php?rest_route=\/wp\/v2\/pages\/4100\/revisions"}],"predecessor-version":[{"id":4410,"href":"http:\/\/www.wwurm.com\/index.php?rest_route=\/wp\/v2\/pages\/4100\/revisions\/4410"}],"wp:attachment":[{"href":"http:\/\/www.wwurm.com\/index.php?rest_route=%2Fwp%2Fv2%2Fmedia&parent=4100"}],"curies":[{"name":"wp","href":"https:\/\/api.w.org\/{rel}","templated":true}]}}