{"id":4285,"date":"2021-12-14T10:30:01","date_gmt":"2021-12-14T09:30:01","guid":{"rendered":"http:\/\/www.wwurm.com\/?page_id=4285"},"modified":"2022-01-20T13:41:33","modified_gmt":"2022-01-20T12:41:33","slug":"die-nachfolgerinnen","status":"publish","type":"page","link":"http:\/\/www.wwurm.com\/?page_id=4285","title":{"rendered":"Die Nachfolgerinnen"},"content":{"rendered":"\t\t<div data-elementor-type=\"wp-page\" data-elementor-id=\"4285\" class=\"elementor elementor-4285\">\n\t\t\t\t\t\t\t\t\t<section class=\"elementor-section elementor-top-section elementor-element elementor-element-29f772f9 rey-flexWrap elementor-section-boxed elementor-section-gap-default elementor-section-height-default elementor-section-height-default\" data-id=\"29f772f9\" data-element_type=\"section\">\n\t\t\t\t\t\t<div class=\"elementor-container elementor-column-gap-default\">\n\t\t\t\t\t<div class=\"elementor-column elementor-col-100 elementor-top-column elementor-element elementor-element-1a4e858c\" data-id=\"1a4e858c\" data-element_type=\"column\">\n\t\t\t<div class=\"elementor-column-wrap--1a4e858c elementor-widget-wrap elementor-element-populated\">\n\t\t\t\t\t\t\t\t<div class=\"elementor-element elementor-element-41aa6bb2 elementor-widget elementor-widget-heading\" data-id=\"41aa6bb2\" data-element_type=\"widget\" data-widget_type=\"heading.default\">\n\t\t\t\t<div class=\"elementor-widget-container\">\n\t\t\t<h1 class=\"elementor-heading-title elementor-size-default\">Gutes vom Gustergut seit 1324 - Tradition vs. Moderne<\/h1>\t\t<\/div>\n\t\t\t\t<\/div>\n\t\t\t\t<div class=\"elementor-element elementor-element-73a3c297 elementor-widget__width-auto elementor-widget-divider--view-line elementor-widget elementor-widget-divider\" data-id=\"73a3c297\" data-element_type=\"widget\" data-widget_type=\"divider.default\">\n\t\t\t\t<div class=\"elementor-widget-container\">\n\t\t\t\t\t<div class=\"elementor-divider\">\n\t\t\t<span class=\"elementor-divider-separator\">\n\t\t\t\t\t\t<\/span>\n\t\t<\/div>\n\t\t\t\t<\/div>\n\t\t\t\t<\/div>\n\t\t\t\t<div class=\"elementor-element elementor-element-50f65840 elementor-widget__width-initial u-links-anim-ul elementor-widget elementor-widget-text-editor\" data-id=\"50f65840\" data-element_type=\"widget\" data-widget_type=\"text-editor.default\">\n\t\t\t\t<div class=\"elementor-widget-container\">\n\t\t\t\t\t\t\t<p>Innovationsgeist gepaart mit generations\u00fcbergreifendem Know-how bildet die Grundlage f\u00fcr hervorragende Produkte am Gustergut.<\/p>\t\t\t\t\t\t<\/div>\n\t\t\t\t<\/div>\n\t\t\t\t\t<\/div>\n\t\t<\/div>\n\t\t\t\t\t\t\t<\/div>\n\t\t<\/section>\n\t\t\t\t<section class=\"elementor-section elementor-top-section elementor-element elementor-element-41b76ac3 elementor-section-height-min-height elementor-section-items-top rey-section-bg--classic elementor-section-boxed elementor-section-gap-default elementor-section-height-default\" data-id=\"41b76ac3\" data-element_type=\"section\" data-settings=\"{&quot;background_background&quot;:&quot;classic&quot;}\">\n\t\t\t\t\t\t\t<div class=\"elementor-background-overlay\"><\/div>\n\t\t\t\t\t\t\t<div class=\"elementor-container elementor-column-gap-default\">\n\t\t\t\t\t<div class=\"elementor-column elementor-col-33 elementor-top-column elementor-element elementor-element-7ba4aa84\" data-id=\"7ba4aa84\" data-element_type=\"column\">\n\t\t\t<div class=\"elementor-column-wrap--7ba4aa84 elementor-widget-wrap\">\n\t\t\t\t\t\t\t\t\t<\/div>\n\t\t<\/div>\n\t\t\t\t<div class=\"elementor-column elementor-col-33 elementor-top-column elementor-element elementor-element-2ef2b9c6 rey-colbg--classic\" data-id=\"2ef2b9c6\" data-element_type=\"column\" data-settings=\"{&quot;background_background&quot;:&quot;classic&quot;}\">\n\t\t\t<div class=\"elementor-column-wrap--2ef2b9c6 elementor-widget-wrap elementor-element-populated\">\n\t\t\t\t\t\t\t\t<div class=\"elementor-element elementor-element-7e750027 elementor-widget elementor-widget-heading\" data-id=\"7e750027\" data-element_type=\"widget\" data-widget_type=\"heading.default\">\n\t\t\t\t<div class=\"elementor-widget-container\">\n\t\t\t<h5 class=\"elementor-heading-title elementor-size-default\">100% ZUFRIEDENE KUNDEN<\/h5>\t\t<\/div>\n\t\t\t\t<\/div>\n\t\t\t\t<div class=\"elementor-element elementor-element-309263a6 elementor-widget elementor-widget-heading\" data-id=\"309263a6\" data-element_type=\"widget\" data-widget_type=\"heading.default\">\n\t\t\t\t<div class=\"elementor-widget-container\">\n\t\t\t<h2 class=\"elementor-heading-title elementor-size-default\">Die Geschwister Wurm<\/h2>\t\t<\/div>\n\t\t\t\t<\/div>\n\t\t\t\t\t<\/div>\n\t\t<\/div>\n\t\t\t\t<div class=\"elementor-column elementor-col-33 elementor-top-column elementor-element elementor-element-5cfb\" data-id=\"5cfb\" data-element_type=\"column\">\n\t\t\t<div class=\"elementor-column-wrap--5cfb elementor-widget-wrap\">\n\t\t\t\t\t\t\t\t\t<\/div>\n\t\t<\/div>\n\t\t\t\t\t\t\t<\/div>\n\t\t<\/section>\n\t\t\t\t<section class=\"elementor-section elementor-top-section elementor-element elementor-element-fb8328d elementor-section-boxed elementor-section-gap-default elementor-section-height-default elementor-section-height-default\" data-id=\"fb8328d\" data-element_type=\"section\">\n\t\t\t\t\t\t<div class=\"elementor-container elementor-column-gap-default\">\n\t\t\t\t\t<div class=\"elementor-column elementor-col-66 elementor-top-column elementor-element elementor-element-4fd176a\" data-id=\"4fd176a\" data-element_type=\"column\">\n\t\t\t<div class=\"elementor-column-wrap--4fd176a elementor-widget-wrap elementor-element-populated\">\n\t\t\t\t\t\t\t\t<div class=\"elementor-element elementor-element-50eff8a elementor-widget elementor-widget-heading\" data-id=\"50eff8a\" data-element_type=\"widget\" data-widget_type=\"heading.default\">\n\t\t\t\t<div class=\"elementor-widget-container\">\n\t\t\t<h1 class=\"elementor-heading-title elementor-size-default\">Irene Wurm<\/h1>\t\t<\/div>\n\t\t\t\t<\/div>\n\t\t\t\t<div class=\"elementor-element elementor-element-762119b1 u-links-anim-ul elementor-widget elementor-widget-text-editor\" data-id=\"762119b1\" data-element_type=\"widget\" data-widget_type=\"text-editor.default\">\n\t\t\t\t<div class=\"elementor-widget-container\">\n\t\t\t\t\t\t\t<p>Lorem Ipsum is simply dummy text of the printing and typesetting industry. Lorem Ipsum has been the industry&#8217;s standard dummy text ever since the 1500s, when an unknown printer took a galley of type and scrambled it to make a type specimen book. It has survived not only five centuries, but also the leap into electronic typesetting, remaining essentially unchanged. It was popularised in the 1960s with the release of Letraset sheets containing Lorem Ipsum passages, and more recently with desktop publishing software like Aldus PageMaker including versions of Lorem Ipsum.<\/p>\n<p><\/p>\t\t\t\t\t\t<\/div>\n\t\t\t\t<\/div>\n\t\t\t\t\t<\/div>\n\t\t<\/div>\n\t\t\t\t<div class=\"elementor-column elementor-col-33 elementor-top-column elementor-element elementor-element-675e77a\" data-id=\"675e77a\" data-element_type=\"column\">\n\t\t\t<div class=\"elementor-column-wrap--675e77a elementor-widget-wrap elementor-element-populated\">\n\t\t\t\t\t\t\t\t<div class=\"elementor-element elementor-element-a5c1870 elementor-widget__width-auto elementor-hidden-phone elementor-widget elementor-widget-image\" data-id=\"a5c1870\" data-element_type=\"widget\" data-settings=\"{&quot;motion_fx_motion_fx_scrolling&quot;:&quot;yes&quot;,&quot;motion_fx_blur_effect&quot;:&quot;yes&quot;,&quot;motion_fx_blur_range&quot;:{&quot;unit&quot;:&quot;%&quot;,&quot;size&quot;:&quot;&quot;,&quot;sizes&quot;:{&quot;start&quot;:&quot;0&quot;,&quot;end&quot;:&quot;53&quot;}},&quot;motion_fx_blur_direction&quot;:&quot;out-in&quot;,&quot;motion_fx_blur_level&quot;:{&quot;unit&quot;:&quot;px&quot;,&quot;size&quot;:7,&quot;sizes&quot;:[]},&quot;motion_fx_devices&quot;:[&quot;desktop&quot;,&quot;tablet&quot;,&quot;mobile&quot;]}\" data-widget_type=\"image.default\">\n\t\t\t\t<div class=\"elementor-widget-container\">\n\t\t\t\t\t\t\t\t\t\t\t\t\t\t\t<img width=\"683\" height=\"1024\" src=\"http:\/\/www.wwurm.com\/wp-content\/uploads\/2022\/01\/wwurm_1874-683x1024.jpg\" class=\"attachment-large size-large wp-image-4631\" alt=\"\" loading=\"lazy\" srcset=\"http:\/\/www.wwurm.com\/wp-content\/uploads\/2022\/01\/wwurm_1874-683x1024.jpg 683w, http:\/\/www.wwurm.com\/wp-content\/uploads\/2022\/01\/wwurm_1874-200x300.jpg 200w, http:\/\/www.wwurm.com\/wp-content\/uploads\/2022\/01\/wwurm_1874-768x1152.jpg 768w, http:\/\/www.wwurm.com\/wp-content\/uploads\/2022\/01\/wwurm_1874-1024x1536.jpg 1024w, http:\/\/www.wwurm.com\/wp-content\/uploads\/2022\/01\/wwurm_1874-1365x2048.jpg 1365w, http:\/\/www.wwurm.com\/wp-content\/uploads\/2022\/01\/wwurm_1874-1000x1500.jpg 1000w, http:\/\/www.wwurm.com\/wp-content\/uploads\/2022\/01\/wwurm_1874-scaled.jpg 1707w\" sizes=\"(max-width: 683px) 100vw, 683px\" \/>\t\t\t\t\t\t\t\t\t\t\t\t\t\t\t<\/div>\n\t\t\t\t<\/div>\n\t\t\t\t\t<\/div>\n\t\t<\/div>\n\t\t\t\t\t\t\t<\/div>\n\t\t<\/section>\n\t\t\t\t<section class=\"elementor-section elementor-top-section elementor-element elementor-element-ed32274 elementor-section-boxed elementor-section-gap-default elementor-section-height-default elementor-section-height-default\" data-id=\"ed32274\" data-element_type=\"section\">\n\t\t\t\t\t\t<div class=\"elementor-container elementor-column-gap-default\">\n\t\t\t\t\t<div class=\"elementor-column elementor-col-33 elementor-top-column elementor-element elementor-element-931593c\" data-id=\"931593c\" data-element_type=\"column\">\n\t\t\t<div class=\"elementor-column-wrap--931593c elementor-widget-wrap elementor-element-populated\">\n\t\t\t\t\t\t\t\t<div class=\"elementor-element elementor-element-7ba23ce elementor-widget__width-auto elementor-hidden-phone elementor-widget elementor-widget-image\" data-id=\"7ba23ce\" data-element_type=\"widget\" data-settings=\"{&quot;motion_fx_motion_fx_scrolling&quot;:&quot;yes&quot;,&quot;motion_fx_blur_effect&quot;:&quot;yes&quot;,&quot;motion_fx_blur_range&quot;:{&quot;unit&quot;:&quot;%&quot;,&quot;size&quot;:&quot;&quot;,&quot;sizes&quot;:{&quot;start&quot;:&quot;0&quot;,&quot;end&quot;:&quot;53&quot;}},&quot;motion_fx_blur_direction&quot;:&quot;out-in&quot;,&quot;motion_fx_blur_level&quot;:{&quot;unit&quot;:&quot;px&quot;,&quot;size&quot;:7,&quot;sizes&quot;:[]},&quot;motion_fx_devices&quot;:[&quot;desktop&quot;,&quot;tablet&quot;,&quot;mobile&quot;]}\" data-widget_type=\"image.default\">\n\t\t\t\t<div class=\"elementor-widget-container\">\n\t\t\t\t\t\t\t\t\t\t\t\t\t\t\t<img width=\"683\" height=\"1024\" src=\"http:\/\/www.wwurm.com\/wp-content\/uploads\/2022\/01\/wwurm_1874-683x1024.jpg\" class=\"attachment-large size-large wp-image-4631\" alt=\"\" loading=\"lazy\" srcset=\"http:\/\/www.wwurm.com\/wp-content\/uploads\/2022\/01\/wwurm_1874-683x1024.jpg 683w, http:\/\/www.wwurm.com\/wp-content\/uploads\/2022\/01\/wwurm_1874-200x300.jpg 200w, http:\/\/www.wwurm.com\/wp-content\/uploads\/2022\/01\/wwurm_1874-768x1152.jpg 768w, http:\/\/www.wwurm.com\/wp-content\/uploads\/2022\/01\/wwurm_1874-1024x1536.jpg 1024w, http:\/\/www.wwurm.com\/wp-content\/uploads\/2022\/01\/wwurm_1874-1365x2048.jpg 1365w, http:\/\/www.wwurm.com\/wp-content\/uploads\/2022\/01\/wwurm_1874-1000x1500.jpg 1000w, http:\/\/www.wwurm.com\/wp-content\/uploads\/2022\/01\/wwurm_1874-scaled.jpg 1707w\" sizes=\"(max-width: 683px) 100vw, 683px\" \/>\t\t\t\t\t\t\t\t\t\t\t\t\t\t\t<\/div>\n\t\t\t\t<\/div>\n\t\t\t\t\t<\/div>\n\t\t<\/div>\n\t\t\t\t<div class=\"elementor-column elementor-col-66 elementor-top-column elementor-element elementor-element-340af49\" data-id=\"340af49\" data-element_type=\"column\">\n\t\t\t<div class=\"elementor-column-wrap--340af49 elementor-widget-wrap elementor-element-populated\">\n\t\t\t\t\t\t\t\t<div class=\"elementor-element elementor-element-e920166 elementor-widget elementor-widget-heading\" data-id=\"e920166\" data-element_type=\"widget\" data-widget_type=\"heading.default\">\n\t\t\t\t<div class=\"elementor-widget-container\">\n\t\t\t<h1 class=\"elementor-heading-title elementor-size-default\">Irene Wurm<\/h1>\t\t<\/div>\n\t\t\t\t<\/div>\n\t\t\t\t<div class=\"elementor-element elementor-element-9999e28 u-links-anim-ul elementor-widget elementor-widget-text-editor\" data-id=\"9999e28\" data-element_type=\"widget\" data-widget_type=\"text-editor.default\">\n\t\t\t\t<div class=\"elementor-widget-container\">\n\t\t\t\t\t\t\t<p>Lorem Ipsum is simply dummy text of the printing and typesetting industry. Lorem Ipsum has been the industry&#8217;s standard dummy text ever since the 1500s, when an unknown printer took a galley of type and scrambled it to make a type specimen book. It has survived not only five centuries, but also the leap into electronic typesetting, remaining essentially unchanged. It was popularised in the 1960s with the release of Letraset sheets containing Lorem Ipsum passages, and more recently with desktop publishing software like Aldus PageMaker including versions of Lorem Ipsum.<\/p>\n<p><\/p>\t\t\t\t\t\t<\/div>\n\t\t\t\t<\/div>\n\t\t\t\t\t<\/div>\n\t\t<\/div>\n\t\t\t\t\t\t\t<\/div>\n\t\t<\/section>\n\t\t\t\t<section class=\"elementor-section elementor-top-section elementor-element elementor-element-68253497 elementor-section-gap-no elementor-section-content-bottom elementor-section-boxed elementor-section-height-default elementor-section-height-default\" data-id=\"68253497\" data-element_type=\"section\">\n\t\t\t\t\t\t<div class=\"elementor-container elementor-column-gap-no\">\n\t\t\t\t\t<div class=\"elementor-column elementor-col-50 elementor-top-column elementor-element elementor-element-4bcf9962 rey-colbg--classic\" data-id=\"4bcf9962\" data-element_type=\"column\" data-settings=\"{&quot;background_background&quot;:&quot;classic&quot;}\">\n\t\t\t<div class=\"elementor-column-wrap--4bcf9962 elementor-widget-wrap elementor-element-populated\">\n\t\t\t\t\t\t\t\t<div class=\"elementor-element elementor-element-6ac19d1 elementor-widget elementor-widget-heading\" data-id=\"6ac19d1\" data-element_type=\"widget\" data-widget_type=\"heading.default\">\n\t\t\t\t<div class=\"elementor-widget-container\">\n\t\t\t<h5 class=\"elementor-heading-title elementor-size-default\">WWURM \u00d6STERREICH<\/h5>\t\t<\/div>\n\t\t\t\t<\/div>\n\t\t\t\t<div class=\"elementor-element elementor-element-5b79bd56 elementor-widget elementor-widget-heading\" data-id=\"5b79bd56\" data-element_type=\"widget\" data-widget_type=\"heading.default\">\n\t\t\t\t<div class=\"elementor-widget-container\">\n\t\t\t<h2 class=\"elementor-heading-title elementor-size-default\">Unterschiedlich, aber doch so \u00e4hnlich...<\/h2>\t\t<\/div>\n\t\t\t\t<\/div>\n\t\t\t\t\t<\/div>\n\t\t<\/div>\n\t\t\t\t<div class=\"elementor-column elementor-col-50 elementor-top-column elementor-element elementor-element-56535677\" data-id=\"56535677\" data-element_type=\"column\">\n\t\t\t<div class=\"elementor-column-wrap--56535677 elementor-widget-wrap elementor-element-populated\">\n\t\t\t\t\t\t\t\t<section class=\"elementor-section elementor-inner-section elementor-element elementor-element-474ad084 elementor-section-gap-wider elementor-section-content-top elementor-section-boxed elementor-section-height-default elementor-section-height-default\" data-id=\"474ad084\" data-element_type=\"section\">\n\t\t\t\t\t\t<div class=\"elementor-container elementor-column-gap-wider\">\n\t\t\t\t\t<div class=\"elementor-column elementor-col-50 elementor-inner-column elementor-element elementor-element-6096205f\" data-id=\"6096205f\" data-element_type=\"column\">\n\t\t\t<div class=\"elementor-column-wrap--6096205f elementor-widget-wrap elementor-element-populated\">\n\t\t\t\t\t\t\t\t<div class=\"elementor-element elementor-element-2d532f41 elementor-widget elementor-widget-image\" data-id=\"2d532f41\" data-element_type=\"widget\" data-settings=\"{&quot;motion_fx_motion_fx_scrolling&quot;:&quot;yes&quot;,&quot;motion_fx_blur_effect&quot;:&quot;yes&quot;,&quot;motion_fx_blur_range&quot;:{&quot;unit&quot;:&quot;%&quot;,&quot;size&quot;:&quot;&quot;,&quot;sizes&quot;:{&quot;start&quot;:&quot;0&quot;,&quot;end&quot;:&quot;52&quot;}},&quot;motion_fx_blur_direction&quot;:&quot;out-in&quot;,&quot;motion_fx_blur_level&quot;:{&quot;unit&quot;:&quot;px&quot;,&quot;size&quot;:7,&quot;sizes&quot;:[]},&quot;motion_fx_devices&quot;:[&quot;desktop&quot;,&quot;tablet&quot;,&quot;mobile&quot;]}\" data-widget_type=\"image.default\">\n\t\t\t\t<div class=\"elementor-widget-container\">\n\t\t\t\t\t\t\t\t\t\t\t\t\t\t\t<img width=\"993\" height=\"1024\" src=\"http:\/\/www.wwurm.com\/wp-content\/uploads\/2022\/01\/Geschwister-Wurm-993x1024.jpg\" class=\"attachment-large size-large wp-image-4629\" alt=\"\" loading=\"lazy\" srcset=\"http:\/\/www.wwurm.com\/wp-content\/uploads\/2022\/01\/Geschwister-Wurm-993x1024.jpg 993w, http:\/\/www.wwurm.com\/wp-content\/uploads\/2022\/01\/Geschwister-Wurm-291x300.jpg 291w, http:\/\/www.wwurm.com\/wp-content\/uploads\/2022\/01\/Geschwister-Wurm-768x792.jpg 768w, http:\/\/www.wwurm.com\/wp-content\/uploads\/2022\/01\/Geschwister-Wurm-1490x1536.jpg 1490w, http:\/\/www.wwurm.com\/wp-content\/uploads\/2022\/01\/Geschwister-Wurm-1986x2048.jpg 1986w, http:\/\/www.wwurm.com\/wp-content\/uploads\/2022\/01\/Geschwister-Wurm-1024x1056.jpg 1024w, http:\/\/www.wwurm.com\/wp-content\/uploads\/2022\/01\/Geschwister-Wurm-1000x1031.jpg 1000w\" sizes=\"(max-width: 993px) 100vw, 993px\" \/>\t\t\t\t\t\t\t\t\t\t\t\t\t\t\t<\/div>\n\t\t\t\t<\/div>\n\t\t\t\t\t<\/div>\n\t\t<\/div>\n\t\t\t\t<div class=\"elementor-column elementor-col-50 elementor-inner-column elementor-element elementor-element-6e658d15\" data-id=\"6e658d15\" data-element_type=\"column\">\n\t\t\t<div class=\"elementor-column-wrap--6e658d15 elementor-widget-wrap elementor-element-populated\">\n\t\t\t\t\t\t\t\t<div class=\"elementor-element elementor-element-45178a5f u-links-anim-ul elementor-widget elementor-widget-text-editor\" data-id=\"45178a5f\" data-element_type=\"widget\" data-widget_type=\"text-editor.default\">\n\t\t\t\t<div class=\"elementor-widget-container\">\n\t\t\t\t\t\t\tGutes wird auf dem Gustergut schon lange gepflegt: Das sind unsere \u00c4pfel, Birnen, Trauben und die vielen anderen Fr\u00fcchte und Obstsorten, aus denen wir unsere Produkte gewinnen. Jedes Obst, jede Frucht geht durch unsere H\u00e4nde, denn wir pfl\u00fccken zu 100 % ohne Hilfe von Maschinen. Mit viel Gesp\u00fcr f\u00fcr die Eigenschaften der Frucht wird weiter verarbeitet, gepresst, vinifziert \u2013 kurz: veredelt.\n\nDurch Professionalit\u00e4t in der Herstellung und mit Respekt vor dem Gewachsenen entstehen unsere Erzeugnisse am Gustergut, die Essenz aus der Natur. Das ist unser Verst\u00e4ndnis f\u00fcr unsere t\u00e4gliche Arbeit und das Qualit\u00e4tsversprechen an unsere Kunden. Und das schmeckt man auch in unseren Produkten.\n\t\t\t\t\t\t<\/div>\n\t\t\t\t<\/div>\n\t\t\t\t<div class=\"elementor-element elementor-element-1e56463f elementor-widget elementor-widget-image\" data-id=\"1e56463f\" data-element_type=\"widget\" data-widget_type=\"image.default\">\n\t\t\t\t<div class=\"elementor-widget-container\">\n\t\t\t\t\t\t\t\t\t\t\t\t\t\t\t<img width=\"1\" height=\"1\" src=\"http:\/\/www.wwurm.com\/wp-content\/uploads\/2021\/09\/signature-1.svg\" class=\"attachment-large size-large wp-image-4170\" alt=\"\" loading=\"lazy\" \/>\t\t\t\t\t\t\t\t\t\t\t\t\t\t\t<\/div>\n\t\t\t\t<\/div>\n\t\t\t\t\t<\/div>\n\t\t<\/div>\n\t\t\t\t\t\t\t<\/div>\n\t\t<\/section>\n\t\t\t\t\t<\/div>\n\t\t<\/div>\n\t\t\t\t\t\t\t<\/div>\n\t\t<\/section>\n\t\t\t\t\t\t\t<\/div>\n\t\t","protected":false},"excerpt":{"rendered":"<p>Gutes vom Gustergut seit 1324 &#8211; Tradition vs. Moderne Innovationsgeist gepaart mit generations\u00fcbergreifendem Know-how bildet die Grundlage f\u00fcr hervorragende Produkte am Gustergut. 100% ZUFRIEDENE KUNDEN Die Geschwister Wurm Irene Wurm Lorem Ipsum is simply dummy text of the printing and typesetting industry. Lorem Ipsum has been the industry&#8217;s standard dummy text ever since the 1500s, [&hellip;]<\/p>\n","protected":false},"author":1,"featured_media":0,"parent":0,"menu_order":0,"comment_status":"closed","ping_status":"closed","template":"template-builder.php","meta":[],"acf":[],"_links":{"self":[{"href":"http:\/\/www.wwurm.com\/index.php?rest_route=\/wp\/v2\/pages\/4285"}],"collection":[{"href":"http:\/\/www.wwurm.com\/index.php?rest_route=\/wp\/v2\/pages"}],"about":[{"href":"http:\/\/www.wwurm.com\/index.php?rest_route=\/wp\/v2\/types\/page"}],"author":[{"embeddable":true,"href":"http:\/\/www.wwurm.com\/index.php?rest_route=\/wp\/v2\/users\/1"}],"replies":[{"embeddable":true,"href":"http:\/\/www.wwurm.com\/index.php?rest_route=%2Fwp%2Fv2%2Fcomments&post=4285"}],"version-history":[{"count":12,"href":"http:\/\/www.wwurm.com\/index.php?rest_route=\/wp\/v2\/pages\/4285\/revisions"}],"predecessor-version":[{"id":4696,"href":"http:\/\/www.wwurm.com\/index.php?rest_route=\/wp\/v2\/pages\/4285\/revisions\/4696"}],"wp:attachment":[{"href":"http:\/\/www.wwurm.com\/index.php?rest_route=%2Fwp%2Fv2%2Fmedia&parent=4285"}],"curies":[{"name":"wp","href":"https:\/\/api.w.org\/{rel}","templated":true}]}}