{"id":4289,"date":"2021-12-14T10:30:20","date_gmt":"2021-12-14T09:30:20","guid":{"rendered":"http:\/\/www.wwurm.com\/?page_id=4289"},"modified":"2022-01-31T21:23:41","modified_gmt":"2022-01-31T20:23:41","slug":"verkostungen","status":"publish","type":"page","link":"http:\/\/www.wwurm.com\/?page_id=4289","title":{"rendered":"Verkostungen"},"content":{"rendered":"\t\t<div data-elementor-type=\"wp-page\" data-elementor-id=\"4289\" class=\"elementor elementor-4289\">\n\t\t\t\t\t\t\t\t\t<section class=\"elementor-section elementor-top-section elementor-element elementor-element-628cc7d1 rey-flexWrap elementor-section-boxed elementor-section-gap-default elementor-section-height-default elementor-section-height-default\" data-id=\"628cc7d1\" data-element_type=\"section\">\n\t\t\t\t\t\t<div class=\"elementor-container elementor-column-gap-default\">\n\t\t\t\t\t<div class=\"elementor-column elementor-col-100 elementor-top-column elementor-element elementor-element-36cbf13\" data-id=\"36cbf13\" data-element_type=\"column\">\n\t\t\t<div class=\"elementor-column-wrap--36cbf13 elementor-widget-wrap\">\n\t\t\t\t\t\t\t\t\t<\/div>\n\t\t<\/div>\n\t\t\t\t\t\t\t<\/div>\n\t\t<\/section>\n\t\t\t\t<section class=\"elementor-section elementor-top-section elementor-element elementor-element-21252c9f elementor-section-height-min-height elementor-section-items-top rey-section-bg--classic elementor-section-boxed elementor-section-gap-default elementor-section-height-default\" data-id=\"21252c9f\" data-element_type=\"section\" data-settings=\"{&quot;background_background&quot;:&quot;classic&quot;}\">\n\t\t\t\t\t\t\t<div class=\"elementor-background-overlay\"><\/div>\n\t\t\t\t\t\t\t<div class=\"elementor-container elementor-column-gap-default\">\n\t\t\t\t\t<div class=\"elementor-column elementor-col-33 elementor-top-column elementor-element elementor-element-2fbb272f\" data-id=\"2fbb272f\" data-element_type=\"column\">\n\t\t\t<div class=\"elementor-column-wrap--2fbb272f elementor-widget-wrap\">\n\t\t\t\t\t\t\t\t\t<\/div>\n\t\t<\/div>\n\t\t\t\t<div class=\"elementor-column elementor-col-33 elementor-top-column elementor-element elementor-element-26b1b4c6 rey-colbg--classic\" data-id=\"26b1b4c6\" data-element_type=\"column\" data-settings=\"{&quot;background_background&quot;:&quot;classic&quot;}\">\n\t\t\t<div class=\"elementor-column-wrap--26b1b4c6 elementor-widget-wrap elementor-element-populated\">\n\t\t\t\t\t\t\t\t<div class=\"elementor-element elementor-element-165f045d elementor-widget elementor-widget-heading\" data-id=\"165f045d\" data-element_type=\"widget\" data-widget_type=\"heading.default\">\n\t\t\t\t<div class=\"elementor-widget-container\">\n\t\t\t<h5 class=\"elementor-heading-title elementor-size-default\">100% ZUFRIEDENE KUNDEN<\/h5>\t\t<\/div>\n\t\t\t\t<\/div>\n\t\t\t\t<div class=\"elementor-element elementor-element-10b99d56 elementor-widget elementor-widget-heading\" data-id=\"10b99d56\" data-element_type=\"widget\" data-widget_type=\"heading.default\">\n\t\t\t\t<div class=\"elementor-widget-container\">\n\t\t\t<h2 class=\"elementor-heading-title elementor-size-default\">Lust auf eine Verkostung?<\/h2>\t\t<\/div>\n\t\t\t\t<\/div>\n\t\t\t\t\t<\/div>\n\t\t<\/div>\n\t\t\t\t<div class=\"elementor-column elementor-col-33 elementor-top-column elementor-element elementor-element-6a734f04\" data-id=\"6a734f04\" data-element_type=\"column\">\n\t\t\t<div class=\"elementor-column-wrap--6a734f04 elementor-widget-wrap\">\n\t\t\t\t\t\t\t\t\t<\/div>\n\t\t<\/div>\n\t\t\t\t\t\t\t<\/div>\n\t\t<\/section>\n\t\t\t\t<section class=\"elementor-section elementor-top-section elementor-element elementor-element-9dc38c5 elementor-section-boxed elementor-section-gap-default elementor-section-height-default elementor-section-height-default\" data-id=\"9dc38c5\" data-element_type=\"section\">\n\t\t\t\t\t\t<div class=\"elementor-container elementor-column-gap-default\">\n\t\t\t\t\t<div class=\"elementor-column elementor-col-100 elementor-top-column elementor-element elementor-element-15439efd\" data-id=\"15439efd\" data-element_type=\"column\">\n\t\t\t<div class=\"elementor-column-wrap--15439efd elementor-widget-wrap elementor-element-populated\">\n\t\t\t\t\t\t\t\t<div class=\"elementor-element elementor-element-2cd78847 elementor-widget elementor-widget-heading\" data-id=\"2cd78847\" data-element_type=\"widget\" data-widget_type=\"heading.default\">\n\t\t\t\t<div class=\"elementor-widget-container\">\n\t\t\t<h1 class=\"elementor-heading-title elementor-size-default\">Besuche & Verkostungen<\/h1>\t\t<\/div>\n\t\t\t\t<\/div>\n\t\t\t\t<div class=\"elementor-element elementor-element-5d09c87a elementor-widget__width-auto elementor-widget-divider--view-line elementor-widget elementor-widget-divider\" data-id=\"5d09c87a\" data-element_type=\"widget\" data-widget_type=\"divider.default\">\n\t\t\t\t<div class=\"elementor-widget-container\">\n\t\t\t\t\t<div class=\"elementor-divider\">\n\t\t\t<span class=\"elementor-divider-separator\">\n\t\t\t\t\t\t<\/span>\n\t\t<\/div>\n\t\t\t\t<\/div>\n\t\t\t\t<\/div>\n\t\t\t\t<div class=\"elementor-element elementor-element-31d938ba elementor-widget__width-initial u-links-anim-ul elementor-widget elementor-widget-text-editor\" data-id=\"31d938ba\" data-element_type=\"widget\" data-widget_type=\"text-editor.default\">\n\t\t\t\t<div class=\"elementor-widget-container\">\n\t\t\t\t\t\t\t<p>Erkunden Sie mit uns die Weing\u00e4rten und erfahren Sie, was Ober\u00f6sterreich als Weinbaugebiet\u00a0 zu bieten hat.\u00a0<\/p><p>Bei der anschlie\u00dfenden Verkostung k\u00f6nnen Sie Wein aus St.Florian (Gelber Muskateller, Donauriesling, Sauvignon Blanc und Gemischter Satz) n\u00e4her kennenlernen.<\/p><p>Von April bis Oktober \u2013 jeden Freitag und Samstag. Beginn 14 Uhr | Dauer ca. 1,5 Stunden\u00a0<\/p><p>Ausschliesslich gegen Voranmeldung unter\u00a0<a href=\"https:\/\/www.domaene-wachau.at\/de\/events\/kellerfuehrung-weinverkostung\/event@domaene-wachau.at\">wein@wwurm.at<\/a>\u00a0oder\u00a0<a href=\"tel:0043271137110\">+43 7<\/a>224 4387<\/p><p>Preis pro Person \u20ac 15,- (inkl. Verkostung von 4 Weinen und Florianer Kleinigkeiten)<\/p><p>Individuelle Termine bzw. Gruppen-Besuche sind auf Anfrage und gerne auch in Englisch m\u00f6glich.<\/p><p><strong>Unser Tipp:<\/strong>\u00a0Schenken Sie einen Gutschein f\u00fcr eine Weinverkostung inkl. Weingartenrundgang<\/p><p>\u00a0<\/p>\t\t\t\t\t\t<\/div>\n\t\t\t\t<\/div>\n\t\t\t\t\t<\/div>\n\t\t<\/div>\n\t\t\t\t\t\t\t<\/div>\n\t\t<\/section>\n\t\t\t\t<section class=\"elementor-section elementor-top-section elementor-element elementor-element-28fdfcbc elementor-section-gap-no elementor-section-content-bottom elementor-section-boxed elementor-section-height-default elementor-section-height-default\" data-id=\"28fdfcbc\" data-element_type=\"section\">\n\t\t\t\t\t\t<div class=\"elementor-container elementor-column-gap-no\">\n\t\t\t\t\t<div class=\"elementor-column elementor-col-50 elementor-top-column elementor-element elementor-element-7db3048e rey-colbg--classic\" data-id=\"7db3048e\" data-element_type=\"column\" data-settings=\"{&quot;background_background&quot;:&quot;classic&quot;}\">\n\t\t\t<div class=\"elementor-column-wrap--7db3048e elementor-widget-wrap elementor-element-populated\">\n\t\t\t\t\t\t\t\t<div class=\"elementor-element elementor-element-1ec2bdb3 elementor-widget elementor-widget-heading\" data-id=\"1ec2bdb3\" data-element_type=\"widget\" data-widget_type=\"heading.default\">\n\t\t\t\t<div class=\"elementor-widget-container\">\n\t\t\t<h5 class=\"elementor-heading-title elementor-size-default\">WWURM \u00d6STERREICH<\/h5>\t\t<\/div>\n\t\t\t\t<\/div>\n\t\t\t\t<div class=\"elementor-element elementor-element-ddc02a6 elementor-widget elementor-widget-heading\" data-id=\"ddc02a6\" data-element_type=\"widget\" data-widget_type=\"heading.default\">\n\t\t\t\t<div class=\"elementor-widget-container\">\n\t\t\t<h2 class=\"elementor-heading-title elementor-size-default\">Wir freuen uns <br>auf Sie!<\/h2>\t\t<\/div>\n\t\t\t\t<\/div>\n\t\t\t\t\t<\/div>\n\t\t<\/div>\n\t\t\t\t<div class=\"elementor-column elementor-col-50 elementor-top-column elementor-element elementor-element-2c2f34a9\" data-id=\"2c2f34a9\" data-element_type=\"column\">\n\t\t\t<div class=\"elementor-column-wrap--2c2f34a9 elementor-widget-wrap elementor-element-populated\">\n\t\t\t\t\t\t\t\t<section class=\"elementor-section elementor-inner-section elementor-element elementor-element-5798e278 elementor-section-gap-wider elementor-section-content-top elementor-section-boxed elementor-section-height-default elementor-section-height-default\" data-id=\"5798e278\" data-element_type=\"section\">\n\t\t\t\t\t\t<div class=\"elementor-container elementor-column-gap-wider\">\n\t\t\t\t\t<div class=\"elementor-column elementor-col-50 elementor-inner-column elementor-element elementor-element-b1c4d3\" data-id=\"b1c4d3\" data-element_type=\"column\">\n\t\t\t<div class=\"elementor-column-wrap--b1c4d3 elementor-widget-wrap elementor-element-populated\">\n\t\t\t\t\t\t\t\t<div class=\"elementor-element elementor-element-4e10a42 elementor-widget elementor-widget-image\" data-id=\"4e10a42\" data-element_type=\"widget\" data-settings=\"{&quot;motion_fx_motion_fx_scrolling&quot;:&quot;yes&quot;,&quot;motion_fx_blur_effect&quot;:&quot;yes&quot;,&quot;motion_fx_blur_range&quot;:{&quot;unit&quot;:&quot;%&quot;,&quot;size&quot;:&quot;&quot;,&quot;sizes&quot;:{&quot;start&quot;:&quot;0&quot;,&quot;end&quot;:&quot;52&quot;}},&quot;motion_fx_blur_direction&quot;:&quot;out-in&quot;,&quot;motion_fx_blur_level&quot;:{&quot;unit&quot;:&quot;px&quot;,&quot;size&quot;:7,&quot;sizes&quot;:[]},&quot;motion_fx_devices&quot;:[&quot;desktop&quot;,&quot;tablet&quot;,&quot;mobile&quot;]}\" data-widget_type=\"image.default\">\n\t\t\t\t<div class=\"elementor-widget-container\">\n\t\t\t\t\t\t\t\t\t\t\t\t\t\t\t<img width=\"1707\" height=\"2560\" src=\"http:\/\/www.wwurm.com\/wp-content\/uploads\/2019\/05\/Wurm-3497-scaled.jpg\" class=\"attachment-full size-full wp-image-4709\" alt=\"\" loading=\"lazy\" srcset=\"http:\/\/www.wwurm.com\/wp-content\/uploads\/2019\/05\/Wurm-3497-scaled.jpg 1707w, http:\/\/www.wwurm.com\/wp-content\/uploads\/2019\/05\/Wurm-3497-200x300.jpg 200w, http:\/\/www.wwurm.com\/wp-content\/uploads\/2019\/05\/Wurm-3497-683x1024.jpg 683w, http:\/\/www.wwurm.com\/wp-content\/uploads\/2019\/05\/Wurm-3497-768x1152.jpg 768w, http:\/\/www.wwurm.com\/wp-content\/uploads\/2019\/05\/Wurm-3497-1024x1536.jpg 1024w, http:\/\/www.wwurm.com\/wp-content\/uploads\/2019\/05\/Wurm-3497-1365x2048.jpg 1365w, http:\/\/www.wwurm.com\/wp-content\/uploads\/2019\/05\/Wurm-3497-1000x1500.jpg 1000w\" sizes=\"(max-width: 1707px) 100vw, 1707px\" \/>\t\t\t\t\t\t\t\t\t\t\t\t\t\t\t<\/div>\n\t\t\t\t<\/div>\n\t\t\t\t\t<\/div>\n\t\t<\/div>\n\t\t\t\t<div class=\"elementor-column elementor-col-50 elementor-inner-column elementor-element elementor-element-78775564\" data-id=\"78775564\" data-element_type=\"column\">\n\t\t\t<div class=\"elementor-column-wrap--78775564 elementor-widget-wrap elementor-element-populated\">\n\t\t\t\t\t\t\t\t<div class=\"elementor-element elementor-element-164b3aa5 u-links-anim-ul elementor-widget elementor-widget-text-editor\" data-id=\"164b3aa5\" data-element_type=\"widget\" data-widget_type=\"text-editor.default\">\n\t\t\t\t<div class=\"elementor-widget-container\">\n\t\t\t\t\t\t\tGutes wird auf dem Gustergut schon lange gepflegt: Das sind unsere \u00c4pfel, Birnen, Trauben und die vielen anderen Fr\u00fcchte und Obstsorten, aus denen wir unsere Produkte gewinnen. Jedes Obst, jede Frucht geht durch unsere H\u00e4nde, denn wir pfl\u00fccken zu 100 % ohne Hilfe von Maschinen. Mit viel Gesp\u00fcr f\u00fcr die Eigenschaften der Frucht wird weiter verarbeitet, gepresst, vinifziert \u2013 kurz: veredelt.\n\nDurch Professionalit\u00e4t in der Herstellung und mit Respekt vor dem Gewachsenen entstehen unsere Erzeugnisse am Gustergut, die Essenz aus der Natur. Das ist unser Verst\u00e4ndnis f\u00fcr unsere t\u00e4gliche Arbeit und das Qualit\u00e4tsversprechen an unsere Kunden. Und das schmeckt man auch in unseren Produkten.\n\t\t\t\t\t\t<\/div>\n\t\t\t\t<\/div>\n\t\t\t\t<div class=\"elementor-element elementor-element-5585740a elementor-widget elementor-widget-image\" data-id=\"5585740a\" data-element_type=\"widget\" data-widget_type=\"image.default\">\n\t\t\t\t<div class=\"elementor-widget-container\">\n\t\t\t\t\t\t\t\t\t\t\t\t\t\t\t<img width=\"1\" height=\"1\" src=\"http:\/\/www.wwurm.com\/wp-content\/uploads\/2021\/09\/signature-1.svg\" class=\"attachment-large size-large wp-image-4170\" alt=\"\" loading=\"lazy\" \/>\t\t\t\t\t\t\t\t\t\t\t\t\t\t\t<\/div>\n\t\t\t\t<\/div>\n\t\t\t\t\t<\/div>\n\t\t<\/div>\n\t\t\t\t\t\t\t<\/div>\n\t\t<\/section>\n\t\t\t\t\t<\/div>\n\t\t<\/div>\n\t\t\t\t\t\t\t<\/div>\n\t\t<\/section>\n\t\t\t\t\t\t\t<\/div>\n\t\t","protected":false},"excerpt":{"rendered":"<p>100% ZUFRIEDENE KUNDEN Lust auf eine Verkostung? Besuche &#038; Verkostungen Erkunden Sie mit uns die Weing\u00e4rten und erfahren Sie, was Ober\u00f6sterreich als Weinbaugebiet\u00a0 zu bieten hat.\u00a0 Bei der anschlie\u00dfenden Verkostung k\u00f6nnen Sie Wein aus St.Florian (Gelber Muskateller, Donauriesling, Sauvignon Blanc und Gemischter Satz) n\u00e4her kennenlernen. Von April bis Oktober \u2013 jeden Freitag und Samstag. Beginn [&hellip;]<\/p>\n","protected":false},"author":1,"featured_media":0,"parent":0,"menu_order":0,"comment_status":"closed","ping_status":"closed","template":"template-builder.php","meta":[],"acf":[],"_links":{"self":[{"href":"http:\/\/www.wwurm.com\/index.php?rest_route=\/wp\/v2\/pages\/4289"}],"collection":[{"href":"http:\/\/www.wwurm.com\/index.php?rest_route=\/wp\/v2\/pages"}],"about":[{"href":"http:\/\/www.wwurm.com\/index.php?rest_route=\/wp\/v2\/types\/page"}],"author":[{"embeddable":true,"href":"http:\/\/www.wwurm.com\/index.php?rest_route=\/wp\/v2\/users\/1"}],"replies":[{"embeddable":true,"href":"http:\/\/www.wwurm.com\/index.php?rest_route=%2Fwp%2Fv2%2Fcomments&post=4289"}],"version-history":[{"count":12,"href":"http:\/\/www.wwurm.com\/index.php?rest_route=\/wp\/v2\/pages\/4289\/revisions"}],"predecessor-version":[{"id":4762,"href":"http:\/\/www.wwurm.com\/index.php?rest_route=\/wp\/v2\/pages\/4289\/revisions\/4762"}],"wp:attachment":[{"href":"http:\/\/www.wwurm.com\/index.php?rest_route=%2Fwp%2Fv2%2Fmedia&parent=4289"}],"curies":[{"name":"wp","href":"https:\/\/api.w.org\/{rel}","templated":true}]}}