{"id":6,"date":"2019-05-22T19:00:44","date_gmt":"2019-05-22T19:00:44","guid":{"rendered":"http:\/\/demos.reytheme.com\/newyork\/?page_id=6"},"modified":"2021-12-30T16:18:58","modified_gmt":"2021-12-30T15:18:58","slug":"homepage","status":"publish","type":"page","link":"http:\/\/www.wwurm.com\/","title":{"rendered":"Homepage"},"content":{"rendered":"\t\t<div data-elementor-type=\"wp-post\" data-elementor-id=\"6\" class=\"elementor elementor-6\">\n\t\t\t\t\t\t\t\t\t<section class=\"elementor-section elementor-top-section elementor-element elementor-element-68a525e elementor-section-gap-no rey-section-bg--classic elementor-section-height-min-height rey-section-stretched elementor-section-boxed elementor-section-height-default elementor-section-items-middle\" data-id=\"68a525e\" data-element_type=\"section\" data-settings=\"{&quot;background_background&quot;:&quot;classic&quot;}\">\n\t\t\t\t\t\t<div class=\"elementor-container elementor-column-gap-no\">\n\t\t\t\t\t<div class=\"elementor-column elementor-col-100 elementor-top-column elementor-element elementor-element-7c364e6 rey-colbg--classic\" data-id=\"7c364e6\" data-element_type=\"column\" data-settings=\"{&quot;background_background&quot;:&quot;classic&quot;}\">\n\t\t\t<div class=\"elementor-column-wrap--7c364e6 elementor-widget-wrap elementor-element-populated\">\n\t\t\t\t\t\t\t\t<div class=\"elementor-element elementor-element-117afc5 elementor-widget elementor-widget-heading\" data-id=\"117afc5\" data-element_type=\"widget\" data-widget_type=\"heading.default\">\n\t\t\t\t<div class=\"elementor-widget-container\">\n\t\t\t<h4 class=\"elementor-heading-title elementor-size-default\">Fruchtveredelung <br>Geschwister Wurm.<\/h4>\t\t<\/div>\n\t\t\t\t<\/div>\n\t\t\t\t<div class=\"elementor-element elementor-element-27a3991 elementor-button-dashed --large elementor-align-left elementor-widget elementor-widget-button\" data-id=\"27a3991\" data-element_type=\"widget\" data-widget_type=\"button.default\">\n\t\t\t\t<div class=\"elementor-widget-container\">\n\t\t\t\t\t<div class=\"elementor-button-wrapper\">\n\t\t\t<a class=\"elementor-button elementor-button-link elementor-size-lg\" href=\"\/shop\">\n\t\t\t\t\t\t<span class=\"elementor-button-content-wrapper\">\n\t\t\t\t\t\t<span class=\"elementor-button-text\">Unser Produktsortiment<\/span>\n\t\t<\/span>\n\t\t\t\t\t<\/a>\n\t\t<\/div>\n\t\t\t\t<\/div>\n\t\t\t\t<\/div>\n\t\t\t\t\t<\/div>\n\t\t<\/div>\n\t\t\t\t\t\t\t<\/div>\n\t\t<\/section>\n\t\t\t\t<section class=\"elementor-section elementor-top-section elementor-element elementor-element-2a37fa5 elementor-section-boxed elementor-section-gap-default elementor-section-height-default elementor-section-height-default\" data-id=\"2a37fa5\" data-element_type=\"section\">\n\t\t\t\t\t\t<div class=\"elementor-container elementor-column-gap-default\">\n\t\t\t\t\t<div class=\"elementor-column elementor-col-100 elementor-top-column elementor-element elementor-element-2257c9c\" data-id=\"2257c9c\" data-element_type=\"column\">\n\t\t\t<div class=\"elementor-column-wrap--2257c9c elementor-widget-wrap elementor-element-populated\">\n\t\t\t\t\t\t\t\t<div class=\"elementor-element elementor-element-a0d0ed5 elementor-widget elementor-widget-heading\" data-id=\"a0d0ed5\" data-element_type=\"widget\" data-widget_type=\"heading.default\">\n\t\t\t\t<div class=\"elementor-widget-container\">\n\t\t\t<h2 class=\"elementor-heading-title elementor-size-default\">Gutes vom Gustergut seit 1324<\/h2>\t\t<\/div>\n\t\t\t\t<\/div>\n\t\t\t\t<div class=\"elementor-element elementor-element-4f2d875 u-links-anim-ul elementor-widget elementor-widget-text-editor\" data-id=\"4f2d875\" data-element_type=\"widget\" data-widget_type=\"text-editor.default\">\n\t\t\t\t<div class=\"elementor-widget-container\">\n\t\t\t\t\t\t\tIch habe detailworx mit einem klaren Ziel gegr\u00fcndet: einen zuverl\u00e4ssigen Aufbereitungsservice mit Handschlagqualit\u00e4t zu bieten und einen Onlineshop mit Produkten zu machen die ich selber getestet habe oder in meiner Arbeit verwende. Meine Leidenschaft f\u00fcr Autos und einen exzellenten Service hat mich stets angetrieben und wird mich auch in Zukunft begleiten. Bei Fragen einfach anrufen oder eine WhatsApp Nachricht schreiben. Ich helfe gerne weiter.\n\nDetailworx ist eine Abteilung von stickrworx e.U.\t\t\t\t\t\t<\/div>\n\t\t\t\t<\/div>\n\t\t\t\t<div class=\"elementor-element elementor-element-b6d013f elementor-widget elementor-widget-reycore-product-grid\" data-id=\"b6d013f\" data-element_type=\"widget\" data-widget_type=\"reycore-product-grid.carousel\">\n\t\t\t\t<div class=\"elementor-widget-container\">\n\t\t\t\n\t\t<div class=\"woocommerce rey-element reyEl-productGrid reyEl-productGrid--has-thumbs reyEl-productGrid--skin-carousel \" data-carousel-settings=\"{&quot;type&quot;:&quot;slide&quot;,&quot;slides_to_show&quot;:4,&quot;slides_to_show_tablet&quot;:2,&quot;slides_to_show_mobile&quot;:2,&quot;autoplay&quot;:true,&quot;autoplaySpeed&quot;:5000,&quot;pause_on_hover&quot;:&quot;yes&quot;,&quot;infinite&quot;:true,&quot;infinite_tablet&quot;:false,&quot;infinite_mobile&quot;:false,&quot;speed&quot;:500,&quot;direction&quot;:&quot;ltr&quot;,&quot;carousel_padding&quot;:{&quot;unit&quot;:&quot;px&quot;,&quot;top&quot;:&quot;&quot;,&quot;right&quot;:&quot;&quot;,&quot;bottom&quot;:&quot;&quot;,&quot;left&quot;:&quot;&quot;,&quot;isLinked&quot;:true},&quot;carousel_padding_tablet&quot;:false,&quot;carousel_padding_mobile&quot;:false,&quot;delayInit&quot;:&quot;&quot;,&quot;gap&quot;:30,&quot;gap_tablet&quot;:&quot;&quot;,&quot;gap_mobile&quot;:&quot;&quot;,&quot;customArrows&quot;:&quot;&quot;,&quot;free_drag&quot;:[]}\" data-qt=\"recent\">\n\n\t\t<div class=\"splide carousel-6130c3d7bbd1a\"  data-slider-carousel-id=\"carousel-6130c3d7bbd1a\" data-params='{\"equalize_product_items\":[]}'><div class=\"splide__track\"><ul class=\"products --prevent-thumbnail-sliders --prevent-scattered --prevent-masonry splide__list rey-wcGap-default rey-wcGrid-default --skin-basic\">\n<li class=\"product type-product post-4554 status-publish first instock product_cat-edelbrand has-post-thumbnail taxable shipping-taxable product-type-simple is-animated --extraImg-second --extraImg-mobile rey-wc-skin--basic rey-wc-loopAlign-left splide__slide\" data-pid=\"4554\">\n\t<div class=\"rey-productInner\"><div class=\"rey-productThumbnail\"><a href=\"http:\/\/www.wwurm.com\/?product=geschenksset\" class=\"woocommerce-LoopProduct-link woocommerce-loop-product__link\"><img width=\"1400\" height=\"2100\" src=\"http:\/\/www.wwurm.com\/wp-content\/uploads\/2022\/01\/Header-Geschenke.jpg\" class=\"rey-thumbImg img--1 attachment-full size-full\" alt=\"\" loading=\"lazy\" srcset=\"http:\/\/www.wwurm.com\/wp-content\/uploads\/2022\/01\/Header-Geschenke.jpg 1400w, http:\/\/www.wwurm.com\/wp-content\/uploads\/2022\/01\/Header-Geschenke-200x300.jpg 200w, http:\/\/www.wwurm.com\/wp-content\/uploads\/2022\/01\/Header-Geschenke-683x1024.jpg 683w, http:\/\/www.wwurm.com\/wp-content\/uploads\/2022\/01\/Header-Geschenke-768x1152.jpg 768w, http:\/\/www.wwurm.com\/wp-content\/uploads\/2022\/01\/Header-Geschenke-1024x1536.jpg 1024w, http:\/\/www.wwurm.com\/wp-content\/uploads\/2022\/01\/Header-Geschenke-1365x2048.jpg 1365w, http:\/\/www.wwurm.com\/wp-content\/uploads\/2022\/01\/Header-Geschenke-1000x1500.jpg 1000w\" sizes=\"(max-width: 1400px) 100vw, 1400px\" \/><\/a><\/div><h2 class=\"woocommerce-loop-product__title\"><a href=\"http:\/\/www.wwurm.com\/?product=geschenksset\">Geschenksset<\/a><\/h2>\t\t<div class=\"rey-productLoop-footer\">\n\t\t\n<div class=\"rey-productFooter-item rey-productFooter-item--addtocart\"><div class=\"rey-productFooter-inner\"><a href=\"http:\/\/www.wwurm.com\/?product=geschenksset\" data-quantity=\"1\" class=\"button product_type_simple rey-btn--under\" data-product_id=\"4554\" data-product_sku=\"\" aria-label=\"Lese mehr \u00fcber &#8222;Geschenksset&#8220;\" rel=\"nofollow\"><span class=\"__text\">Hinzuf\u00fcgen<\/span><\/a><\/div><\/div><div class=\"rey-productFooter-item rey-productFooter-item--wishlist\"><div class=\"rey-productFooter-inner\"><button class=\" rey-wishlistBtn rey-wishlistBtn-link\" data-id=\"4554\" title=\"Zur Wunschliste\" aria-label=\"Zur Wunschliste\" data-rey-tooltip=\"{&quot;text&quot;:&quot;Zur Wunschliste&quot;,&quot;class&quot;:&quot;--basic&quot;,&quot;fixed&quot;:true}\"><svg class=\"rey-icon rey-icon-reycore-icon-heart rey-wishlistBtn-icon\" aria-hidden=\"true\" role=\"img\" > <use href=\"http:\/\/www.wwurm.com\/wp-content\/plugins\/rey-core\/assets\/images\/icon-sprite.svg#reycore-icon-heart\" xlink:href=\"http:\/\/www.wwurm.com\/wp-content\/plugins\/rey-core\/assets\/images\/icon-sprite.svg#reycore-icon-heart\"><\/use> <\/svg><\/button><\/div><\/div>\n\t\t<\/div>\n\t\t<!-- \/.rey-productLoop-footer -->\n\t\t\t\t<\/div>\n\t<\/li>\n\n\n<li class=\"product type-product post-4553 status-publish instock product_cat-geschenksideen-probierpaket taxable shipping-taxable product-type-simple is-animated --extraImg-second --extraImg-mobile rey-wc-skin--basic rey-wc-loopAlign-left splide__slide\" data-pid=\"4553\">\n\t<div class=\"rey-productInner\"><div class=\"rey-productThumbnail\"><a href=\"http:\/\/www.wwurm.com\/?product=gutschein\" class=\"woocommerce-LoopProduct-link woocommerce-loop-product__link\"><img width=\"1200\" height=\"1200\" src=\"http:\/\/www.wwurm.com\/wp-content\/uploads\/woocommerce-placeholder.png\" class=\"woocommerce-placeholder wp-post-image\" alt=\"Platzhalter\" loading=\"lazy\" srcset=\"http:\/\/www.wwurm.com\/wp-content\/uploads\/woocommerce-placeholder.png 1200w, http:\/\/www.wwurm.com\/wp-content\/uploads\/woocommerce-placeholder-300x300.png 300w, http:\/\/www.wwurm.com\/wp-content\/uploads\/woocommerce-placeholder-1024x1024.png 1024w, http:\/\/www.wwurm.com\/wp-content\/uploads\/woocommerce-placeholder-150x150.png 150w, http:\/\/www.wwurm.com\/wp-content\/uploads\/woocommerce-placeholder-768x768.png 768w\" sizes=\"(max-width: 1200px) 100vw, 1200px\" \/><\/a><\/div><h2 class=\"woocommerce-loop-product__title\"><a href=\"http:\/\/www.wwurm.com\/?product=gutschein\">Gutschein<\/a><\/h2>\t\t<div class=\"rey-productLoop-footer\">\n\t\t\n<div class=\"rey-productFooter-item rey-productFooter-item--addtocart\"><div class=\"rey-productFooter-inner\"><a href=\"http:\/\/www.wwurm.com\/?product=gutschein\" data-quantity=\"1\" class=\"button product_type_simple rey-btn--under\" data-product_id=\"4553\" data-product_sku=\"\" aria-label=\"Lese mehr \u00fcber &#8222;Gutschein&#8220;\" rel=\"nofollow\"><span class=\"__text\">Hinzuf\u00fcgen<\/span><\/a><\/div><\/div><div class=\"rey-productFooter-item rey-productFooter-item--wishlist\"><div class=\"rey-productFooter-inner\"><button class=\" rey-wishlistBtn rey-wishlistBtn-link\" data-id=\"4553\" title=\"Zur Wunschliste\" aria-label=\"Zur Wunschliste\" data-rey-tooltip=\"{&quot;text&quot;:&quot;Zur Wunschliste&quot;,&quot;class&quot;:&quot;--basic&quot;,&quot;fixed&quot;:true}\"><svg class=\"rey-icon rey-icon-reycore-icon-heart rey-wishlistBtn-icon\" aria-hidden=\"true\" role=\"img\" > <use href=\"http:\/\/www.wwurm.com\/wp-content\/plugins\/rey-core\/assets\/images\/icon-sprite.svg#reycore-icon-heart\" xlink:href=\"http:\/\/www.wwurm.com\/wp-content\/plugins\/rey-core\/assets\/images\/icon-sprite.svg#reycore-icon-heart\"><\/use> <\/svg><\/button><\/div><\/div>\n\t\t<\/div>\n\t\t<!-- \/.rey-productLoop-footer -->\n\t\t\t\t<\/div>\n\t<\/li>\n\n\n<li class=\"product type-product post-4499 status-publish instock product_cat-edelbrand has-post-thumbnail taxable shipping-taxable purchasable product-type-simple is-animated --extraImg-second --extraImg-mobile rey-wc-skin--basic rey-wc-loopAlign-left splide__slide\" data-pid=\"4499\">\n\t<div class=\"rey-productInner\"><div class=\"rey-productThumbnail\"><a href=\"http:\/\/www.wwurm.com\/?product=edelbrand-florianer-rosmarin\" class=\"woocommerce-LoopProduct-link woocommerce-loop-product__link\"><img width=\"1000\" height=\"1000\" src=\"http:\/\/www.wwurm.com\/wp-content\/uploads\/2022\/01\/Florianer-Rosmarin.jpg\" class=\"rey-thumbImg img--1 attachment-full size-full\" alt=\"\" loading=\"lazy\" srcset=\"http:\/\/www.wwurm.com\/wp-content\/uploads\/2022\/01\/Florianer-Rosmarin.jpg 1000w, http:\/\/www.wwurm.com\/wp-content\/uploads\/2022\/01\/Florianer-Rosmarin-300x300.jpg 300w, http:\/\/www.wwurm.com\/wp-content\/uploads\/2022\/01\/Florianer-Rosmarin-150x150.jpg 150w, http:\/\/www.wwurm.com\/wp-content\/uploads\/2022\/01\/Florianer-Rosmarin-768x768.jpg 768w, http:\/\/www.wwurm.com\/wp-content\/uploads\/2022\/01\/Florianer-Rosmarin-100x100.jpg 100w\" sizes=\"(max-width: 1000px) 100vw, 1000px\" \/><\/a><\/div><h2 class=\"woocommerce-loop-product__title\"><a href=\"http:\/\/www.wwurm.com\/?product=edelbrand-florianer-rosmarin\">Edelbrand Florianer Rosmarin<\/a><\/h2>\t\t<div class=\"rey-productLoop-footer\">\n\t\t\n\t<span class=\"price rey-loopPrice\"><span class=\"woocommerce-Price-amount amount\"><bdi><span class=\"woocommerce-Price-currencySymbol\">&euro;<\/span>24,00<\/bdi><\/span> <small class=\"woocommerce-price-suffix\">inkl. MwSt<\/small><\/span>\n<div class=\"rey-productFooter-item rey-productFooter-item--addtocart\"><div class=\"rey-productFooter-inner\"><a href=\"?add-to-cart=4499\" data-quantity=\"1\" class=\"button product_type_simple add_to_cart_button ajax_add_to_cart rey-btn--under\" data-product_id=\"4499\" data-product_sku=\"\" aria-label=\"\u201eEdelbrand Florianer Rosmarin\u201c zu deinem Warenkorb hinzuf\u00fcgen\" rel=\"nofollow\"><span class=\"__text\">Hinzuf\u00fcgen<\/span><\/a><\/div><\/div><div class=\"rey-productFooter-item rey-productFooter-item--wishlist\"><div class=\"rey-productFooter-inner\"><button class=\" rey-wishlistBtn rey-wishlistBtn-link\" data-id=\"4499\" title=\"Zur Wunschliste\" aria-label=\"Zur Wunschliste\" data-rey-tooltip=\"{&quot;text&quot;:&quot;Zur Wunschliste&quot;,&quot;class&quot;:&quot;--basic&quot;,&quot;fixed&quot;:true}\"><svg class=\"rey-icon rey-icon-reycore-icon-heart rey-wishlistBtn-icon\" aria-hidden=\"true\" role=\"img\" > <use href=\"http:\/\/www.wwurm.com\/wp-content\/plugins\/rey-core\/assets\/images\/icon-sprite.svg#reycore-icon-heart\" xlink:href=\"http:\/\/www.wwurm.com\/wp-content\/plugins\/rey-core\/assets\/images\/icon-sprite.svg#reycore-icon-heart\"><\/use> <\/svg><\/button><\/div><\/div>\n\t\t<\/div>\n\t\t<!-- \/.rey-productLoop-footer -->\n\t\t\t\t<\/div>\n\t<\/li>\n\n\n<li class=\"product type-product post-4484 status-publish last instock product_cat-pesto-und-fruchtaufstriche has-post-thumbnail taxable shipping-taxable purchasable product-type-simple is-animated --extraImg-second --extraImg-mobile rey-wc-skin--basic rey-wc-loopAlign-left splide__slide\" data-pid=\"4484\">\n\t<div class=\"rey-productInner\"><div class=\"rey-productThumbnail\"><a href=\"http:\/\/www.wwurm.com\/?product=kuerbiskernpesto\" class=\"woocommerce-LoopProduct-link woocommerce-loop-product__link\"><img width=\"2048\" height=\"2560\" src=\"http:\/\/www.wwurm.com\/wp-content\/uploads\/2022\/01\/wurm-pesto-ku\u2560erbiskern-scaled.jpg\" class=\"rey-thumbImg img--1 attachment-full size-full\" alt=\"\" loading=\"lazy\" srcset=\"http:\/\/www.wwurm.com\/wp-content\/uploads\/2022\/01\/wurm-pesto-ku\u2560erbiskern-scaled.jpg 2048w, http:\/\/www.wwurm.com\/wp-content\/uploads\/2022\/01\/wurm-pesto-ku\u2560erbiskern-240x300.jpg 240w, http:\/\/www.wwurm.com\/wp-content\/uploads\/2022\/01\/wurm-pesto-ku\u2560erbiskern-819x1024.jpg 819w, http:\/\/www.wwurm.com\/wp-content\/uploads\/2022\/01\/wurm-pesto-ku\u2560erbiskern-768x960.jpg 768w, http:\/\/www.wwurm.com\/wp-content\/uploads\/2022\/01\/wurm-pesto-ku\u2560erbiskern-1229x1536.jpg 1229w, http:\/\/www.wwurm.com\/wp-content\/uploads\/2022\/01\/wurm-pesto-ku\u2560erbiskern-1638x2048.jpg 1638w, http:\/\/www.wwurm.com\/wp-content\/uploads\/2022\/01\/wurm-pesto-ku\u2560erbiskern-1024x1280.jpg 1024w, http:\/\/www.wwurm.com\/wp-content\/uploads\/2022\/01\/wurm-pesto-ku\u2560erbiskern-1000x1250.jpg 1000w\" sizes=\"(max-width: 2048px) 100vw, 2048px\" \/><\/a><\/div><h2 class=\"woocommerce-loop-product__title\"><a href=\"http:\/\/www.wwurm.com\/?product=kuerbiskernpesto\">K\u00fcrbiskernpesto<\/a><\/h2>\t\t<div class=\"rey-productLoop-footer\">\n\t\t\n\t<span class=\"price rey-loopPrice\"><span class=\"woocommerce-Price-amount amount\"><bdi><span class=\"woocommerce-Price-currencySymbol\">&euro;<\/span>5,99<\/bdi><\/span> <small class=\"woocommerce-price-suffix\">inkl. MwSt<\/small><\/span>\n<div class=\"rey-productFooter-item rey-productFooter-item--addtocart\"><div class=\"rey-productFooter-inner\"><a href=\"?add-to-cart=4484\" data-quantity=\"1\" class=\"button product_type_simple add_to_cart_button ajax_add_to_cart rey-btn--under\" data-product_id=\"4484\" data-product_sku=\"\" aria-label=\"\u201eK\u00fcrbiskernpesto\u201c zu deinem Warenkorb hinzuf\u00fcgen\" rel=\"nofollow\"><span class=\"__text\">Hinzuf\u00fcgen<\/span><\/a><\/div><\/div><div class=\"rey-productFooter-item rey-productFooter-item--wishlist\"><div class=\"rey-productFooter-inner\"><button class=\" rey-wishlistBtn rey-wishlistBtn-link\" data-id=\"4484\" title=\"Zur Wunschliste\" aria-label=\"Zur Wunschliste\" data-rey-tooltip=\"{&quot;text&quot;:&quot;Zur Wunschliste&quot;,&quot;class&quot;:&quot;--basic&quot;,&quot;fixed&quot;:true}\"><svg class=\"rey-icon rey-icon-reycore-icon-heart rey-wishlistBtn-icon\" aria-hidden=\"true\" role=\"img\" > <use href=\"http:\/\/www.wwurm.com\/wp-content\/plugins\/rey-core\/assets\/images\/icon-sprite.svg#reycore-icon-heart\" xlink:href=\"http:\/\/www.wwurm.com\/wp-content\/plugins\/rey-core\/assets\/images\/icon-sprite.svg#reycore-icon-heart\"><\/use> <\/svg><\/button><\/div><\/div>\n\t\t<\/div>\n\t\t<!-- \/.rey-productLoop-footer -->\n\t\t\t\t<\/div>\n\t<\/li>\n\n<\/ul><\/div><\/div><\/div>\t\t<\/div>\n\t\t\t\t<\/div>\n\t\t\t\t\t<\/div>\n\t\t<\/div>\n\t\t\t\t\t\t\t<\/div>\n\t\t<\/section>\n\t\t\t\t<section class=\"elementor-section elementor-top-section elementor-element elementor-element-27df89ff rey-section-stretched elementor-section-gap-no elementor-section-content-middle rey-flexWrap rey-section-bg--classic elementor-section-boxed elementor-section-height-default elementor-section-height-default\" data-id=\"27df89ff\" data-element_type=\"section\" data-settings=\"{&quot;background_background&quot;:&quot;classic&quot;}\">\n\t\t\t\t\t\t<div class=\"elementor-container elementor-column-gap-no\">\n\t\t\t\t\t<div class=\"elementor-column elementor-col-50 elementor-top-column elementor-element elementor-element-374e95d8\" data-id=\"374e95d8\" data-element_type=\"column\">\n\t\t\t<div class=\"elementor-column-wrap--374e95d8 elementor-widget-wrap elementor-element-populated\">\n\t\t\t\t\t\t\t\t<div class=\"elementor-element elementor-element-798a30d8 elementor-widget elementor-widget-image\" data-id=\"798a30d8\" data-element_type=\"widget\" data-widget_type=\"image.default\">\n\t\t\t\t<div class=\"elementor-widget-container\">\n\t\t\t\t\t\t\t\t\t\t\t\t\t\t\t<img width=\"1920\" height=\"2560\" src=\"http:\/\/www.wwurm.com\/wp-content\/uploads\/2021\/09\/FAmilie-Wurm-scaled.jpg\" class=\"attachment-full size-full wp-image-4095\" alt=\"\" loading=\"lazy\" srcset=\"http:\/\/www.wwurm.com\/wp-content\/uploads\/2021\/09\/FAmilie-Wurm-scaled.jpg 1920w, http:\/\/www.wwurm.com\/wp-content\/uploads\/2021\/09\/FAmilie-Wurm-225x300.jpg 225w, http:\/\/www.wwurm.com\/wp-content\/uploads\/2021\/09\/FAmilie-Wurm-768x1024.jpg 768w, http:\/\/www.wwurm.com\/wp-content\/uploads\/2021\/09\/FAmilie-Wurm-1152x1536.jpg 1152w, http:\/\/www.wwurm.com\/wp-content\/uploads\/2021\/09\/FAmilie-Wurm-1536x2048.jpg 1536w, http:\/\/www.wwurm.com\/wp-content\/uploads\/2021\/09\/FAmilie-Wurm-1024x1365.jpg 1024w, http:\/\/www.wwurm.com\/wp-content\/uploads\/2021\/09\/FAmilie-Wurm-600x800.jpg 600w, http:\/\/www.wwurm.com\/wp-content\/uploads\/2021\/09\/FAmilie-Wurm-1000x1333.jpg 1000w\" sizes=\"(max-width: 1920px) 100vw, 1920px\" \/>\t\t\t\t\t\t\t\t\t\t\t\t\t\t\t<\/div>\n\t\t\t\t<\/div>\n\t\t\t\t\t<\/div>\n\t\t<\/div>\n\t\t\t\t<div class=\"elementor-column elementor-col-50 elementor-top-column elementor-element elementor-element-134ca63a rey-colbg--classic\" data-id=\"134ca63a\" data-element_type=\"column\" data-settings=\"{&quot;background_background&quot;:&quot;classic&quot;}\">\n\t\t\t<div class=\"elementor-column-wrap--134ca63a elementor-widget-wrap elementor-element-populated\">\n\t\t\t\t\t\t\t\t<div class=\"elementor-element elementor-element-86e23ae elementor-widget elementor-widget-heading\" data-id=\"86e23ae\" data-element_type=\"widget\" data-widget_type=\"heading.default\">\n\t\t\t\t<div class=\"elementor-widget-container\">\n\t\t\t<h2 class=\"elementor-heading-title elementor-size-default\">Die Essenz aus der Natur.<\/h2>\t\t<\/div>\n\t\t\t\t<\/div>\n\t\t\t\t<div class=\"elementor-element elementor-element-a685c9c u-links-anim-ul elementor-widget elementor-widget-text-editor\" data-id=\"a685c9c\" data-element_type=\"widget\" data-widget_type=\"text-editor.default\">\n\t\t\t\t<div class=\"elementor-widget-container\">\n\t\t\t\t\t\t\t<p>Gutes wird auf dem Gustergut schon lange gepflegt: Das sind unsere \u00c4pfel, Birnen, Trauben und die vielen anderen Fr\u00fcchte und Obstsorten, aus denen wir unsere Produkte gewinnen. Jedes Obst, jede Frucht geht durch unsere H\u00e4nde, denn wir pfl\u00fccken zu 100 % ohne Hilfe von Maschinen. Mit viel Gesp\u00fcr f\u00fcr die Eigenschaften der Frucht wird weiter verarbeitet, gepresst, vinifziert \u2013 kurz: veredelt.<\/p><p>Durch Professionalit\u00e4t in der Herstellung und mit Respekt vor dem Gewachsenen entstehen unsere Erzeugnisse am Gustergut, die Essenz aus der Natur. Das ist unser Verst\u00e4ndnis f\u00fcr unsere t\u00e4gliche Arbeit und das Qualit\u00e4tsversprechen an unsere Kunden. Und das schmeckt man auch in unseren Produkten.<\/p>\t\t\t\t\t\t<\/div>\n\t\t\t\t<\/div>\n\t\t\t\t<div class=\"elementor-element elementor-element-4c704002 elementor-widget elementor-widget-image\" data-id=\"4c704002\" data-element_type=\"widget\" data-widget_type=\"image.default\">\n\t\t\t\t<div class=\"elementor-widget-container\">\n\t\t\t\t\t\t\t\t\t\t\t\t\t\t\t<img width=\"1\" height=\"1\" src=\"http:\/\/www.wwurm.com\/wp-content\/uploads\/2021\/09\/signature.svg\" class=\"attachment-large size-large wp-image-4091\" alt=\"\" loading=\"lazy\" \/>\t\t\t\t\t\t\t\t\t\t\t\t\t\t\t<\/div>\n\t\t\t\t<\/div>\n\t\t\t\t\t<\/div>\n\t\t<\/div>\n\t\t\t\t\t\t\t<\/div>\n\t\t<\/section>\n\t\t\t\t<section class=\"elementor-section elementor-top-section elementor-element elementor-element-c1fcbd0 elementor-section-boxed elementor-section-gap-default elementor-section-height-default elementor-section-height-default\" data-id=\"c1fcbd0\" data-element_type=\"section\">\n\t\t\t\t\t\t<div class=\"elementor-container elementor-column-gap-default\">\n\t\t\t\t\t<div class=\"elementor-column elementor-col-100 elementor-top-column elementor-element elementor-element-9634d1c\" data-id=\"9634d1c\" data-element_type=\"column\">\n\t\t\t<div class=\"elementor-column-wrap--9634d1c elementor-widget-wrap elementor-element-populated\">\n\t\t\t\t\t\t\t\t<div class=\"elementor-element elementor-element-40c54ef elementor-widget__width-auto rey-widget-inline--right rey-widget-inline--tablet-right elementor-widget elementor-widget-heading\" data-id=\"40c54ef\" data-element_type=\"widget\" data-widget_type=\"heading.default\">\n\t\t\t\t<div class=\"elementor-widget-container\">\n\t\t\t<h4 class=\"elementor-heading-title elementor-size-default\">Folge uns auf<\/h4>\t\t<\/div>\n\t\t\t\t<\/div>\n\t\t\t\t<div class=\"elementor-element elementor-element-749a777 elementor-widget__width-auto elementor-widget-divider--view-line elementor-widget elementor-widget-divider\" data-id=\"749a777\" data-element_type=\"widget\" data-widget_type=\"divider.default\">\n\t\t\t\t<div class=\"elementor-widget-container\">\n\t\t\t\t\t<div class=\"elementor-divider\">\n\t\t\t<span class=\"elementor-divider-separator\">\n\t\t\t\t\t\t<\/span>\n\t\t<\/div>\n\t\t\t\t<\/div>\n\t\t\t\t<\/div>\n\t\t\t\t<div class=\"elementor-element elementor-element-1b11c5f elementor-widget__width-auto rey-widget-inline--left rey-widget-inline--tablet-left elementor-shape-rounded elementor-grid-0 e-grid-align-center elementor-widget elementor-widget-social-icons\" data-id=\"1b11c5f\" data-element_type=\"widget\" data-widget_type=\"social-icons.default\">\n\t\t\t\t<div class=\"elementor-widget-container\">\n\t\t\t\t\t<div class=\"elementor-social-icons-wrapper elementor-grid\">\n\t\t\t\t\t\t\t<span class=\"elementor-grid-item\">\n\t\t\t\t\t<a class=\"elementor-icon elementor-social-icon elementor-social-icon-facebook-f elementor-repeater-item-22ff633\" href=\"\" target=\"_blank\">\n\t\t\t\t\t\t<span class=\"elementor-screen-only\">Facebook-f<\/span>\n\t\t\t\t\t\t<i class=\"fab fa-facebook-f\"><\/i>\t\t\t\t\t<\/a>\n\t\t\t\t<\/span>\n\t\t\t\t\t\t\t<span class=\"elementor-grid-item\">\n\t\t\t\t\t<a class=\"elementor-icon elementor-social-icon elementor-social-icon-instagram elementor-repeater-item-63b898b\" href=\"\" target=\"_blank\">\n\t\t\t\t\t\t<span class=\"elementor-screen-only\">Instagram<\/span>\n\t\t\t\t\t\t<i class=\"fab fa-instagram\"><\/i>\t\t\t\t\t<\/a>\n\t\t\t\t<\/span>\n\t\t\t\t\t<\/div>\n\t\t\t\t<\/div>\n\t\t\t\t<\/div>\n\t\t\t\t\t<\/div>\n\t\t<\/div>\n\t\t\t\t\t\t\t<\/div>\n\t\t<\/section>\n\t\t\t\t\t\t\t<\/div>\n\t\t","protected":false},"excerpt":{"rendered":"<p>Fruchtveredelung Geschwister Wurm. Unser Produktsortiment Gutes vom Gustergut seit 1324 Ich habe detailworx mit einem klaren Ziel gegr\u00fcndet: einen zuverl\u00e4ssigen Aufbereitungsservice mit Handschlagqualit\u00e4t zu bieten und einen Onlineshop mit Produkten zu machen die ich selber getestet habe oder in meiner Arbeit verwende. Meine Leidenschaft f\u00fcr Autos und einen exzellenten Service hat mich stets angetrieben und [&hellip;]<\/p>\n","protected":false},"author":1,"featured_media":0,"parent":0,"menu_order":0,"comment_status":"closed","ping_status":"closed","template":"template-builder.php","meta":[],"acf":[],"_links":{"self":[{"href":"http:\/\/www.wwurm.com\/index.php?rest_route=\/wp\/v2\/pages\/6"}],"collection":[{"href":"http:\/\/www.wwurm.com\/index.php?rest_route=\/wp\/v2\/pages"}],"about":[{"href":"http:\/\/www.wwurm.com\/index.php?rest_route=\/wp\/v2\/types\/page"}],"author":[{"embeddable":true,"href":"http:\/\/www.wwurm.com\/index.php?rest_route=\/wp\/v2\/users\/1"}],"replies":[{"embeddable":true,"href":"http:\/\/www.wwurm.com\/index.php?rest_route=%2Fwp%2Fv2%2Fcomments&post=6"}],"version-history":[{"count":361,"href":"http:\/\/www.wwurm.com\/index.php?rest_route=\/wp\/v2\/pages\/6\/revisions"}],"predecessor-version":[{"id":4619,"href":"http:\/\/www.wwurm.com\/index.php?rest_route=\/wp\/v2\/pages\/6\/revisions\/4619"}],"wp:attachment":[{"href":"http:\/\/www.wwurm.com\/index.php?rest_route=%2Fwp%2Fv2%2Fmedia&parent=6"}],"curies":[{"name":"wp","href":"https:\/\/api.w.org\/{rel}","templated":true}]}}