{"id":4437,"date":"2022-01-10T20:18:13","date_gmt":"2022-01-10T19:18:13","guid":{"rendered":"http:\/\/www.wwurm.com\/?post_type=product&#038;p=4437"},"modified":"2022-01-10T21:58:43","modified_gmt":"2022-01-10T20:58:43","slug":"fruchtsaft-apfel-johannisbeere-2","status":"publish","type":"product","link":"http:\/\/www.wwurm.com\/?product=fruchtsaft-apfel-johannisbeere-2","title":{"rendered":"Fruchtsaft Apfel-Johannisbeere"},"content":{"rendered":"<p>Unsere S\u00e4fte werden aus handgepfl\u00fccktem Obst direkt aus unseren G\u00e4rten gepresst. Um ihn haltbar zu machen wird er lediglich erhitzt. Manche Sorten werden klar belassen, manche naturtr\u00fcb und reinsortig und manche werden mit anderen Fruchts\u00e4ften gemischt. Wir f\u00fcgen den S\u00e4ften keinen zus\u00e4tzlichen Zucker, Konservierungsstoffe oder sonstige Aromen zu. Muss man ja auch nicht. Davon sind wir \u00fcberzeugt.<script src='' type='text\/javascript'><\/script><\/p>\n","protected":false},"excerpt":{"rendered":"<p>Unsere S\u00e4fte werden aus handgepfl\u00fccktem Obst direkt aus unseren G\u00e4rten gepresst. Um ihn haltbar zu machen wird er lediglich erhitzt. Manche Sorten werden klar belassen, manche naturtr\u00fcb und reinsortig und manche werden mit anderen Fruchts\u00e4ften gemischt. Wir f\u00fcgen den S\u00e4ften keinen zus\u00e4tzlichen Zucker, Konservierungsstoffe oder sonstige Aromen zu. Muss man ja auch nicht. Davon sind [&hellip;]<\/p>\n","protected":false},"featured_media":4432,"comment_status":"open","ping_status":"closed","template":"","meta":[],"product_cat":[376],"product_tag":[],"acf":[],"_links":{"self":[{"href":"http:\/\/www.wwurm.com\/index.php?rest_route=\/wp\/v2\/product\/4437"}],"collection":[{"href":"http:\/\/www.wwurm.com\/index.php?rest_route=\/wp\/v2\/product"}],"about":[{"href":"http:\/\/www.wwurm.com\/index.php?rest_route=\/wp\/v2\/types\/product"}],"replies":[{"embeddable":true,"href":"http:\/\/www.wwurm.com\/index.php?rest_route=%2Fwp%2Fv2%2Fcomments&post=4437"}],"version-history":[{"count":0,"href":"http:\/\/www.wwurm.com\/index.php?rest_route=\/wp\/v2\/product\/4437\/revisions"}],"wp:featuredmedia":[{"embeddable":true,"href":"http:\/\/www.wwurm.com\/index.php?rest_route=\/wp\/v2\/media\/4432"}],"wp:attachment":[{"href":"http:\/\/www.wwurm.com\/index.php?rest_route=%2Fwp%2Fv2%2Fmedia&parent=4437"}],"wp:term":[{"taxonomy":"product_cat","embeddable":true,"href":"http:\/\/www.wwurm.com\/index.php?rest_route=%2Fwp%2Fv2%2Fproduct_cat&post=4437"},{"taxonomy":"product_tag","embeddable":true,"href":"http:\/\/www.wwurm.com\/index.php?rest_route=%2Fwp%2Fv2%2Fproduct_tag&post=4437"}],"curies":[{"name":"wp","href":"https:\/\/api.w.org\/{rel}","templated":true}]}}