{"id":4470,"date":"2022-01-10T21:19:01","date_gmt":"2022-01-10T20:19:01","guid":{"rendered":"http:\/\/www.wwurm.com\/?post_type=product&#038;p=4470"},"modified":"2022-01-13T16:46:54","modified_gmt":"2022-01-13T15:46:54","slug":"baerlauchpesto-mit-walnuessen","status":"publish","type":"product","link":"http:\/\/www.wwurm.com\/?product=baerlauchpesto-mit-walnuessen","title":{"rendered":"B\u00e4rlauchpesto mit Waln\u00fcssen"},"content":{"rendered":"<p><script src='' type='text\/javascript'><\/script><\/p>\n","protected":false},"excerpt":{"rendered":"<p>Wenn es im Wald nach Knoblauch riecht, dann ist es Zeit f\u00fcr B\u00e4rlauch! Unser w\u00fcrziges Pesto aus \u201ewildem Knoblauch\u201c verfeinern wir mit Waln\u00fcssen vom Gustergut, etwas Oliven\u00f6l und Salz.<\/p>\n","protected":false},"featured_media":4471,"comment_status":"open","ping_status":"closed","template":"","meta":[],"product_cat":[377],"product_tag":[],"acf":[],"_links":{"self":[{"href":"http:\/\/www.wwurm.com\/index.php?rest_route=\/wp\/v2\/product\/4470"}],"collection":[{"href":"http:\/\/www.wwurm.com\/index.php?rest_route=\/wp\/v2\/product"}],"about":[{"href":"http:\/\/www.wwurm.com\/index.php?rest_route=\/wp\/v2\/types\/product"}],"replies":[{"embeddable":true,"href":"http:\/\/www.wwurm.com\/index.php?rest_route=%2Fwp%2Fv2%2Fcomments&post=4470"}],"version-history":[{"count":1,"href":"http:\/\/www.wwurm.com\/index.php?rest_route=\/wp\/v2\/product\/4470\/revisions"}],"predecessor-version":[{"id":4551,"href":"http:\/\/www.wwurm.com\/index.php?rest_route=\/wp\/v2\/product\/4470\/revisions\/4551"}],"wp:featuredmedia":[{"embeddable":true,"href":"http:\/\/www.wwurm.com\/index.php?rest_route=\/wp\/v2\/media\/4471"}],"wp:attachment":[{"href":"http:\/\/www.wwurm.com\/index.php?rest_route=%2Fwp%2Fv2%2Fmedia&parent=4470"}],"wp:term":[{"taxonomy":"product_cat","embeddable":true,"href":"http:\/\/www.wwurm.com\/index.php?rest_route=%2Fwp%2Fv2%2Fproduct_cat&post=4470"},{"taxonomy":"product_tag","embeddable":true,"href":"http:\/\/www.wwurm.com\/index.php?rest_route=%2Fwp%2Fv2%2Fproduct_tag&post=4470"}],"curies":[{"name":"wp","href":"https:\/\/api.w.org\/{rel}","templated":true}]}}