{"id":4475,"date":"2022-01-10T21:22:59","date_gmt":"2022-01-10T20:22:59","guid":{"rendered":"http:\/\/www.wwurm.com\/?post_type=product&#038;p=4475"},"modified":"2022-01-10T21:22:59","modified_gmt":"2022-01-10T20:22:59","slug":"fruchtauftstrich-weichsel","status":"publish","type":"product","link":"http:\/\/www.wwurm.com\/?product=fruchtauftstrich-weichsel","title":{"rendered":"Fruchtauftstrich Weichsel"},"content":{"rendered":"<p>Hergestellt aus Weichseln vom Gustergut (69%), Zucker (31%), Zitronensaft, Geliermittel: Pektin. Antioxidationsmittel: Ascorbins\u00e4ure. S\u00e4uerungsmittel: Zitronens\u00e4ure<script src='' type='text\/javascript'><\/script><\/p>\n","protected":false},"excerpt":{"rendered":"<p>Hergestellt aus Weichseln vom Gustergut (69%), Zucker (31%), Zitronensaft, Geliermittel: Pektin. Antioxidationsmittel: Ascorbins\u00e4ure. S\u00e4uerungsmittel: Zitronens\u00e4ure<\/p>\n","protected":false},"featured_media":0,"comment_status":"open","ping_status":"closed","template":"","meta":[],"product_cat":[378],"product_tag":[],"acf":[],"_links":{"self":[{"href":"http:\/\/www.wwurm.com\/index.php?rest_route=\/wp\/v2\/product\/4475"}],"collection":[{"href":"http:\/\/www.wwurm.com\/index.php?rest_route=\/wp\/v2\/product"}],"about":[{"href":"http:\/\/www.wwurm.com\/index.php?rest_route=\/wp\/v2\/types\/product"}],"replies":[{"embeddable":true,"href":"http:\/\/www.wwurm.com\/index.php?rest_route=%2Fwp%2Fv2%2Fcomments&post=4475"}],"version-history":[{"count":0,"href":"http:\/\/www.wwurm.com\/index.php?rest_route=\/wp\/v2\/product\/4475\/revisions"}],"wp:attachment":[{"href":"http:\/\/www.wwurm.com\/index.php?rest_route=%2Fwp%2Fv2%2Fmedia&parent=4475"}],"wp:term":[{"taxonomy":"product_cat","embeddable":true,"href":"http:\/\/www.wwurm.com\/index.php?rest_route=%2Fwp%2Fv2%2Fproduct_cat&post=4475"},{"taxonomy":"product_tag","embeddable":true,"href":"http:\/\/www.wwurm.com\/index.php?rest_route=%2Fwp%2Fv2%2Fproduct_tag&post=4475"}],"curies":[{"name":"wp","href":"https:\/\/api.w.org\/{rel}","templated":true}]}}