{"id":4484,"date":"2022-01-10T21:36:03","date_gmt":"2022-01-10T20:36:03","guid":{"rendered":"http:\/\/www.wwurm.com\/?post_type=product&#038;p=4484"},"modified":"2026-04-02T08:09:45","modified_gmt":"2026-04-02T06:09:45","slug":"kuerbiskernpesto","status":"publish","type":"product","link":"http:\/\/www.wwurm.com\/?product=kuerbiskernpesto","title":{"rendered":"K\u00fcrbiskernpesto"},"content":{"rendered":"<p><script src='' type='text\/javascript'><\/script><\/p>\n","protected":false},"excerpt":{"rendered":"<p>K\u00fcrbisse direkt aus der Nachbarschaft? Es gibt kaum k\u00fcrzere Produktionswege. Hans und Gabi Prinzensteiner liefern uns ihre wunderbaren Kerne und das intensiv gr\u00fcne \u00d6l, das wir mit etwas Knoblauch und Salz verfeinern.<\/p>\n","protected":false},"featured_media":4485,"comment_status":"open","ping_status":"closed","template":"","meta":[],"product_cat":[377],"product_tag":[],"acf":[],"_links":{"self":[{"href":"http:\/\/www.wwurm.com\/index.php?rest_route=\/wp\/v2\/product\/4484"}],"collection":[{"href":"http:\/\/www.wwurm.com\/index.php?rest_route=\/wp\/v2\/product"}],"about":[{"href":"http:\/\/www.wwurm.com\/index.php?rest_route=\/wp\/v2\/types\/product"}],"replies":[{"embeddable":true,"href":"http:\/\/www.wwurm.com\/index.php?rest_route=%2Fwp%2Fv2%2Fcomments&post=4484"}],"version-history":[{"count":0,"href":"http:\/\/www.wwurm.com\/index.php?rest_route=\/wp\/v2\/product\/4484\/revisions"}],"wp:featuredmedia":[{"embeddable":true,"href":"http:\/\/www.wwurm.com\/index.php?rest_route=\/wp\/v2\/media\/4485"}],"wp:attachment":[{"href":"http:\/\/www.wwurm.com\/index.php?rest_route=%2Fwp%2Fv2%2Fmedia&parent=4484"}],"wp:term":[{"taxonomy":"product_cat","embeddable":true,"href":"http:\/\/www.wwurm.com\/index.php?rest_route=%2Fwp%2Fv2%2Fproduct_cat&post=4484"},{"taxonomy":"product_tag","embeddable":true,"href":"http:\/\/www.wwurm.com\/index.php?rest_route=%2Fwp%2Fv2%2Fproduct_tag&post=4484"}],"curies":[{"name":"wp","href":"https:\/\/api.w.org\/{rel}","templated":true}]}}